{"id":241,"date":"2017-03-08T16:34:19","date_gmt":"2017-03-08T15:34:19","guid":{"rendered":"http:\/\/erich-grosse.de\/?page_id=241"},"modified":"2026-04-12T17:24:06","modified_gmt":"2026-04-12T15:24:06","slug":"trier","status":"publish","type":"page","link":"https:\/\/deniss.de\/?page_id=241","title":{"rendered":"Trier"},"content":{"rendered":"<p><strong>Der \u201eCampus der Generationen\u201c und die Interessenvertretung der Seniorstudierenden der Universit\u00e4t Trier<\/strong><\/p>\n<p>Der Trierer &#8222;Campus der Generationen&#8220; bietet Menschen im mittleren und h\u00f6heren Erwachsenen-alter die M\u00f6glichkeit, sich auf akademischem Niveau pers\u00f6nlich weiterzubilden.\u00a0 Unabh\u00e4ngig vom Schulabschluss und ohne Bindung an Studien- und Pr\u00fcfungsordnungen k\u00f6nnen sie als Gasth\u00f6rer*-innen universit\u00e4re Lehrveranstaltungen besuchen, die von Lehrenden entweder eigens f\u00fcr Gast-h\u00f6rende konzipiert oder im Rahmen der Gasth\u00f6rerschaft freigegeben sind. Der Campus der Generationen erlaubt somit eine an den individuellen Interessen orientierte, flexible Gestaltung.<\/p>\n<p>Dieses von der Universit\u00e4t auch gern als \u201elebenslanges Lernen\u201c bezeichnete Angebot umfasst, mit der Gasth\u00f6rerschaft und der Gasth\u00f6rerschaft PLUS, sowohl geb\u00fchrenpflichtige sowie mit den \u00a0\u201eMontagsvortr\u00e4gen aus Forschung und Lehre\u201c auch kostenfreie Formate, die f\u00fcr alle Interessierten ohne Anmeldung zug\u00e4nglich sind.<\/p>\n<p><strong>Gasth\u00f6rerschaft<\/strong><\/p>\n<p>Die Gasth\u00f6rerschaft bietet die M\u00f6glichkeit, gegen Zahlung einer Semestergeb\u00fchr von 160 Euro eine beliebige Anzahl der knapp 2000 Lehrveranstaltungen zu besuchen, die pro Semester an der Universit\u00e4t Trier angeboten werden. Traditionell wird das Angebot gerne von Rentner*innen genutzt, ebenso k\u00f6nnen sich aber auch Berufst\u00e4tige, Abiturient*innen oder Studierende anderer Hochschulen f\u00fcr eine Gasth\u00f6rerschaft anmelden.<\/p>\n<p>Grunds\u00e4tzlich steht den Gasth\u00f6rer*innen das gesamte Spektrum an Lehrveranstaltungen offen, lediglich bei Seminaren ist eine Zustimmung des\/der Dozierenden notwendig. Einen vorstrukturierten Studiengang, bestimmte Module o. \u00c4. gibt es bei einer Gasth\u00f6rerschaft nicht; einen akademischen Abschluss k\u00f6nnen Gasth\u00f6rer*innen nicht erwerben.<\/p>\n<p>Das Angebot der <strong>Gasth\u00f6rerschaft PLUS<\/strong> erweitert das regul\u00e4re Veranstaltungsangebot f\u00fcr Gasth\u00f6rende. F\u00fcr eine zus\u00e4tzliche Geb\u00fchr von 35 \u20ac k\u00f6nnen bis zu zwei Kurse aus dem Angebot des Sprachenzentrums belegt und zudem Veranstaltungen aus dem (begrenzten) PLUS-Angebot gew\u00e4hlt werden.<\/p>\n<p><strong>Montagsvortr\u00e4ge aus Forschung und Lehre<\/strong><\/p>\n<p>F\u00fcr alle Interessierten bietet der Campus der Generationen in der Vorlesungszeit eine Veranstaltungsreihe an, in der Wissenschaftler*innen der Universit\u00e4t Trier aktuelle Themen aus ihren Arbeitsbereichen pr\u00e4sentieren und mit den Teilnehmer*innen diskutieren. Die Vortr\u00e4ge bieten die M\u00f6glichkeit, Forschungsinhalte, Fragestellungen, Arbeitsweisen und Ergebnisse aus verschiedenen wissenschaftlichen Bereichen der Universit\u00e4t kennen zu lernen. Der Besuch der Montagsvortr\u00e4ge ist geb\u00fchrenfrei und ohne Anmeldung m\u00f6glich.<\/p>\n<p>&nbsp;<\/p>\n<p><strong>Die Interessenvertretung der Gasth\u00f6renden und Seniorstudierenden<\/strong><\/p>\n<p>Von 2013 bis Februar 2022 nahm zun\u00e4chst ein Sprecherrat, sp\u00e4ter ein Sprecherteam die Interessenvertretung wahr. Zwar sieht der betreffende \u00a7 15 der Grundordnung der Universit\u00e4t vor, dass die Interessenvertretung in Angelegenheiten der \u201eGruppe\u201c (= Gasth\u00f6rer*innen) zu beteiligen sei. Eine wie auch immer geartete Selbstverwaltung oder Mitbestimmung war in Trier jedoch nie auf der Agenda. Dies zeigte sich in der Corona-Krise besonders deutlich, als die Universit\u00e4tsleitung ohne Kommunikation mit der Interessenvertretung alle Teile des Seniorenstudiums auf null stellte.<\/p>\n<p>Auch die Struktur des in seinem f\u00fcr die Allgemeinheit bestimmten, kostenpflichtigen Teil stark reduzierten \u201eSeniorenstudiums 2.0\u201c, bestehend aus Gasth\u00f6rerstudium mit einigen wenigen, an die Gasth\u00f6rerschaft gebundenen, zus\u00e4tzlich kostenpflichtigen Zusatzveranstaltungen wurde nicht mit der Interessenvertretung abgestimmt. In einer von der Hochschulgruppe der Seniorstudierenden dem Pr\u00e4sidenten der Universit\u00e4t im M\u00e4rz 2021 \u00a0\u00fcberreichten \u201ePetition Lebenslanges Lernen\u201c forderten daher zahlreiche ehemalige Seniorstudierende, dass \u201eLebenslanges Lernen\u201c eine der zentralen Zielsetzungen der Universit\u00e4t werden, ihr diesbez\u00fcgliches Angebot sich mit den Angeboten anderer Universit\u00e4ten, die sich beim Lebenslangen Lernen positiv hervorheben, vergleichen lassen m\u00fcsse.<\/p>\n<p>Seit der Generalversammlung der Seniorstudierenden im Februar 2022 blieb das Sprecheramt aus o.g. Gr\u00fcnden erstmals seit 10 Jahren unbesetzt. Aktuell nimmt die Hochschulgruppe der \u201eSeniorstudierenden an der Universit\u00e4t Trier\u201c die Interessen der in ihr organisierten Gasth\u00f6renden und Seniorstudierenden wahr. Oberstes Ziel ist laut Satzung die Zusammenarbeit mit der Referentin\/dem Referenten f\u00fcr Lebenslanges Lernen bzw. der Koordinatorin\/dem Koordinator des Campus der Generationen zur Weiterentwicklung des Gasth\u00f6rer- und Seniorenstudiums an der Universit\u00e4t Trier. Im Rahmen der \u00d6ffentlichkeitsarbeit der Hochschulgruppe ist in ihrer Satzung die Wahrnehmung der DENISS-Mitgliedschaft durch eines ihrer Mitglieder vorgesehen.<\/p>\n<p>Weitere Informationen\/Kontaktaufnahme unter der Emailadresse:<\/p>\n<p>seniorensp@uni-trier.de<\/p>\n<p>Generelle Info:<\/p>\n<p><a href=\"https:\/\/www.uni-trier.de\/studium\/studienangebot\/campus-der-generationen\">https:\/\/www.uni-trier.de\/studium\/studienangebot\/campus-der-generationen<\/a><\/p>\n","protected":false},"excerpt":{"rendered":"<p>Der \u201eCampus der Generationen\u201c und die Interessenvertretung der Seniorstudierenden der Universit\u00e4t Trier Der Trierer &#8222;Campus der Generationen&#8220; bietet Menschen im mittleren und h\u00f6heren Erwachsenen-alter die M\u00f6glichkeit, sich auf akademischem Niveau pers\u00f6nlich weiterzubilden.\u00a0 Unabh\u00e4ngig vom Schulabschluss und ohne Bindung an Studien- &hellip; <a href=\"https:\/\/deniss.de\/?page_id=241\">Weiterlesen <span class=\"meta-nav\">&rarr;<\/span><\/a><\/p>\n","protected":false},"author":4,"featured_media":0,"parent":83,"menu_order":0,"comment_status":"closed","ping_status":"closed","template":"","meta":{"footnotes":""},"class_list":["post-241","page","type-page","status-publish","hentry"],"_links":{"self":[{"href":"https:\/\/deniss.de\/index.php?rest_route=\/wp\/v2\/pages\/241","targetHints":{"allow":["GET"]}}],"collection":[{"href":"https:\/\/deniss.de\/index.php?rest_route=\/wp\/v2\/pages"}],"about":[{"href":"https:\/\/deniss.de\/index.php?rest_route=\/wp\/v2\/types\/page"}],"author":[{"embeddable":true,"href":"https:\/\/deniss.de\/index.php?rest_route=\/wp\/v2\/users\/4"}],"replies":[{"embeddable":true,"href":"https:\/\/deniss.de\/index.php?rest_route=%2Fwp%2Fv2%2Fcomments&post=241"}],"version-history":[{"count":9,"href":"https:\/\/deniss.de\/index.php?rest_route=\/wp\/v2\/pages\/241\/revisions"}],"predecessor-version":[{"id":913,"href":"https:\/\/deniss.de\/index.php?rest_route=\/wp\/v2\/pages\/241\/revisions\/913"}],"up":[{"embeddable":true,"href":"https:\/\/deniss.de\/index.php?rest_route=\/wp\/v2\/pages\/83"}],"wp:attachment":[{"href":"https:\/\/deniss.de\/index.php?rest_route=%2Fwp%2Fv2%2Fmedia&parent=241"}],"curies":[{"name":"wp","href":"https:\/\/api.w.org\/{rel}","templated":true}]}}