{"id":254,"date":"2017-03-09T16:35:00","date_gmt":"2017-03-09T15:35:00","guid":{"rendered":"http:\/\/erich-grosse.de\/?page_id=254"},"modified":"2025-06-17T13:37:24","modified_gmt":"2025-06-17T11:37:24","slug":"eigene-publikationen","status":"publish","type":"page","link":"https:\/\/deniss.de\/?page_id=254","title":{"rendered":"Publikationen"},"content":{"rendered":"<h1>Interview mit Helmut Weiss (fgs) SoSe 2023<\/h1>\n<p><strong>in &#8222;ConTouren&#8220; Nr. 09, Zeitschrift von und f\u00fcr Gasth\u00f6rerinnen und Gasth\u00f6rer der Universit\u00e4t zu K\u00f6ln.<\/strong><\/p>\n<p><img loading=\"lazy\" decoding=\"async\" class=\"alignnone size-medium wp-image-704 aligncenter\" src=\"https:\/\/deniss.de\/wp-content\/uploads\/2024\/01\/Bildschirmfoto-2024-01-06-um-16.26.56-300x167.png\" alt=\"\" width=\"300\" height=\"167\" srcset=\"https:\/\/deniss.de\/wp-content\/uploads\/2024\/01\/Bildschirmfoto-2024-01-06-um-16.26.56-300x167.png 300w, https:\/\/deniss.de\/wp-content\/uploads\/2024\/01\/Bildschirmfoto-2024-01-06-um-16.26.56-768x427.png 768w, https:\/\/deniss.de\/wp-content\/uploads\/2024\/01\/Bildschirmfoto-2024-01-06-um-16.26.56-500x278.png 500w, https:\/\/deniss.de\/wp-content\/uploads\/2024\/01\/Bildschirmfoto-2024-01-06-um-16.26.56.png 932w\" sizes=\"auto, (max-width: 300px) 100vw, 300px\" \/><\/p>\n<p><a href=\"https:\/\/deniss.de\/wp-content\/uploads\/2024\/01\/Interwiev-Helmut-Weiss-ConTouren-Nr.-923.pdf\" target=\"_blank\" rel=\"noopener\">Interwiev Helmut Wei\u00df, ConTouren Nr. 9\/23<\/a><\/p>\n<h1><\/h1>\n<h1>Zukunftsf\u00e4higkeit der Bildung \u00c4lterer<\/h1>\n<p>Vortrag von Prof.Dr.Dres.h.c. Ursula Lehr<br \/>\ngehalten auf der BAG WiWA Tagung<br \/>\nin Hildesheim am 1.3.2012<\/p>\n<h1><span style=\"color: #ff0000;\">Aspekte des Seniorenstudiums in der Bundesrepublik Deutschland<\/span><\/h1>\n<p>Ein Bericht von Prof. Dr. Hartmut Meyer-Wolters<\/p>\n<p>Wann und wo in der Bundesrepublik das erste Seniorenstudium aufgenommen wurde, ist nicht leicht zu beantworten. Die M\u00f6glichkeit eines zun\u00e4chst restriktiv gehandhabten und an beruflicher Weiterbildung orientierten Gasth\u00f6rerstudim gibt es schon fr\u00fch, ein Seniorenstudium war das aber noch nicht.<br \/>\nDie erste &#8222;Universit\u00e4t des Dritten Lebensalter&#8220; wurde auch nicht in Deutschland, sondern in Frankreich 1973 in Toulouse gegr\u00fcndet.<\/p>\n<p>Zum Bericht: <a href=\"https:\/\/deniss.de\/wp-content\/uploads\/2017\/11\/Aspekte-des-Seniorenstudiums.pdf\" target=\"_blank\" rel=\"noopener\">Aspekte des Seniorenstudiums<\/a><\/p>\n<hr \/>\n<h1><\/h1>\n<h1><span style=\"color: #ff0000;\">Das Seniorenstudium in Dresden vor 1989<\/span><\/h1>\n<p>Die Frage war: gab es in der DDR schon \u201eSeniorenstudium\u201c? So direkt wohl nicht, aber es gab die <b>Dresdner Sonntagsuniversit\u00e4t. <\/b><br \/>\nIm Mai 1978 begannen im Rahmen der \u201eDresdner Sonntagsuniversit\u00e4t\u201c Vorlesungen, die monatlich 1 x in die H\u00f6rs\u00e4le der TU Dresden einluden.<br \/>\nDem war 1977 ein Beschluss des Rates der Rektoren der 9 Hochschulen des Bezirkes Dresden vorausgegangen.<br \/>\nInitiator der Dresdner Sonntagsuniversit\u00e4t war Prof. Dr. Dr. Liebscher, Rektor der TU Dresden und Vorsitzender des Rates der Rektoren.<\/p>\n<p>Die Hochschulen des Bezirkes Dresden mit ihrem naturwissenschaftlich-technischen, gesellschaftlichen, p\u00e4dagogischen, medizinischen, landwirtschaftlichen und K\u00fcnstlerischen Disziplinen boten ihren H\u00f6rern Vortr\u00e4ge mit Lichtbildern und Experimenten zu aktuellen Bez\u00fcgen, aber andererseits auch neueste Ergebnisse aus Forschung und Entwicklung. Diese Vortr\u00e4ge waren so, dass sie sowohl f\u00fcr aufgeschlossene Sch\u00fcler, als auch f\u00fcr interessierte Werkt\u00e4tige verst\u00e4ndlich waren. Da zu den H\u00f6rern oft auch Studenten, Dozenten und Wissenschaftler geh\u00f6rten, gab es am Anschluss an den Vortrag lebhafte interessante Diskussionen.<\/p>\n<p>Im November 1980 wurde eine erste Sondervorlesung vom DDR Bildungsfernsehen aufgezeichnet. Dieses Dresdner Projekt, welches ausschlie\u00dflich ehrenamtlich von Professoren, Rektoren und Wissenschaftlern getragen wurde war bis dato in der DDR einmalig.<\/p>\n<p>Von Mai 1978 bis M\u00e4rz 1991 gab es 160 Vortr\u00e4ge f\u00fcr 27.199 Besucher.<br \/>\nBis zum Sommersemester 1990 kostenlos und ab Oktober 1990 f\u00fcr 1,00 DM<\/p>\n<p>Ingrid H\u00f6hnel, M\u00e4rz 2014<br \/>\nDresdner Seniorenakademie Wissenschaft und Kunst<\/p>\n<p>Dem Archiv der TU Dresden gilt unser Dank f\u00fcr die Informationen und die umfassende Archivierung.<\/p>\n<hr \/>\n<h1><span style=\"color: #ff0000;\">Wissenschaftliche Weiterbildung f\u00fcr \u00c4ltere Erwachsene<\/span><\/h1>\n<p>Aspekte aus Sicht des 1. Modellversuchs in Westdeutschland zur \u00d6ffnung der Hochschulen f\u00fcr \u00e4ltere Erwachsene.<br \/>\nProf. Dr. Ludger Veelken, Dortmund<\/p>\n<p>Zum Bericht: <a href=\"https:\/\/deniss.de\/wp-content\/uploads\/2017\/11\/Prof.Veelken-Oktober-2011.pdf\" target=\"_blank\" rel=\"noopener\">Wissenschaftliche Weiterbildung<\/a><\/p>\n<hr \/>\n<h1><span style=\"color: #ff0000;\">Mit sechzig im H\u00f6rsaal<\/span><\/h1>\n<p>Ein Interview mit Prof. Dr. Meyer-Wolters<\/p>\n<p>58.000 Menschen, so berichtet der Akademische Verein der Senioren in<br \/>\nDeutschland (AVDS), sind im Wintersemester 2010 \/ 2011 f\u00fcr ein Seniorenstudium<br \/>\neingeschrieben. Was sind das f\u00fcr Menschen, welche Ziele haben sie, welche<br \/>\nAngebote finden sie an ihren Universit\u00e4ten vor? Und vor allen Dingen: Warum<br \/>\nlohnt es sich auch mit sechzig, siebzig oder mehr Jahren, (noch einmal) im H\u00f6rsaal<br \/>\nPlatz zu nehmen?<\/p>\n<p>Zum Interview: <a href=\"https:\/\/deniss.de\/wp-content\/uploads\/2017\/11\/Mit-sechzigim-H\u00f6rsaal.pdf\" target=\"_blank\" rel=\"noopener\">Mit sechzig im H\u00f6rsaal<\/a><\/p>\n","protected":false},"excerpt":{"rendered":"<p>Interview mit Helmut Weiss (fgs) SoSe 2023 in &#8222;ConTouren&#8220; Nr. 09, Zeitschrift von und f\u00fcr Gasth\u00f6rerinnen und Gasth\u00f6rer der Universit\u00e4t zu K\u00f6ln. Interwiev Helmut Wei\u00df, ConTouren Nr. 9\/23 Zukunftsf\u00e4higkeit der Bildung \u00c4lterer Vortrag von Prof.Dr.Dres.h.c. Ursula Lehr gehalten auf der &hellip; <a href=\"https:\/\/deniss.de\/?page_id=254\">Weiterlesen <span class=\"meta-nav\">&rarr;<\/span><\/a><\/p>\n","protected":false},"author":4,"featured_media":0,"parent":214,"menu_order":0,"comment_status":"closed","ping_status":"closed","template":"","meta":{"footnotes":""},"class_list":["post-254","page","type-page","status-publish","hentry"],"_links":{"self":[{"href":"https:\/\/deniss.de\/index.php?rest_route=\/wp\/v2\/pages\/254","targetHints":{"allow":["GET"]}}],"collection":[{"href":"https:\/\/deniss.de\/index.php?rest_route=\/wp\/v2\/pages"}],"about":[{"href":"https:\/\/deniss.de\/index.php?rest_route=\/wp\/v2\/types\/page"}],"author":[{"embeddable":true,"href":"https:\/\/deniss.de\/index.php?rest_route=\/wp\/v2\/users\/4"}],"replies":[{"embeddable":true,"href":"https:\/\/deniss.de\/index.php?rest_route=%2Fwp%2Fv2%2Fcomments&post=254"}],"version-history":[{"count":12,"href":"https:\/\/deniss.de\/index.php?rest_route=\/wp\/v2\/pages\/254\/revisions"}],"predecessor-version":[{"id":822,"href":"https:\/\/deniss.de\/index.php?rest_route=\/wp\/v2\/pages\/254\/revisions\/822"}],"up":[{"embeddable":true,"href":"https:\/\/deniss.de\/index.php?rest_route=\/wp\/v2\/pages\/214"}],"wp:attachment":[{"href":"https:\/\/deniss.de\/index.php?rest_route=%2Fwp%2Fv2%2Fmedia&parent=254"}],"curies":[{"name":"wp","href":"https:\/\/api.w.org\/{rel}","templated":true}]}}