{"id":41,"date":"2016-02-12T15:39:33","date_gmt":"2016-02-12T14:39:33","guid":{"rendered":"http:\/\/erich-grosse.de\/?page_id=41"},"modified":"2026-04-13T10:05:43","modified_gmt":"2026-04-13T08:05:43","slug":"dortmund","status":"publish","type":"page","link":"https:\/\/deniss.de\/?page_id=41","title":{"rendered":"Dortmund"},"content":{"rendered":"<p><img loading=\"lazy\" decoding=\"async\" class=\"alignnone size-medium wp-image-917\" src=\"https:\/\/deniss.de\/wp-content\/uploads\/2026\/04\/logo-dortmund-300x57.jpg\" alt=\"\" width=\"300\" height=\"57\" srcset=\"https:\/\/deniss.de\/wp-content\/uploads\/2026\/04\/logo-dortmund-300x57.jpg 300w, https:\/\/deniss.de\/wp-content\/uploads\/2026\/04\/logo-dortmund.jpg 461w\" sizes=\"auto, (max-width: 300px) 100vw, 300px\" \/><\/p>\n<p><span style=\"color: #ff0000;\"><strong>Das Seniorenstudium an der TU Dortmund<\/strong><\/span><\/p>\n<p>Das Weiterbildende Studium f\u00fcr Senior*innen ist ein Angebot der wissenschaftlichen Weiterbildung f\u00fcr Erwachsene, die in der Zeit nach der Berufs- oder Familienphase eine bewusste Lebensplanung f\u00fcr das Alter beabsichtigen. Das Studienangebot steht Interessierten ab dem 50. Lebensjahr offen. Das Abitur ist keine Voraussetzung zur Teilnahme. An die Teilnehmer*innen werden folgende Anforderungen gestellt: \u2022 Kontinuierliche Mitarbeit \u00fcber f\u00fcnf Semester \u2022 Praktikum und Vorlage eines Praktikumsberichtes \u2022 Vorlage einer Abschlussarbeit Die Teilnahme und der erfolgreiche Abschluss werden durch ein Zertifikat bescheinigt.<\/p>\n<p>\u00c4ltere erwerben hier zum einen Kompetenzen im Sinne einer \u201eEntwicklungsbildung\u201c f\u00fcr eine selbstbestimmte Gestaltung der Lebensphase Alter und zum anderen Wissen und Kompetenzen f\u00fcr ein gesellschaftliches Engagement. Aus einem Verzeichnis ausgew\u00e4hlter Veranstaltungen stellen sich Studierende ihren pers\u00f6nlichen Studienplan zusammen. Schwerpunktm\u00e4\u00dfig sind Veranstaltungen der F\u00e4cher Soziale Gerontologie, Soziologie, Erziehungswissenschaft, Psychologie, Philosophie, Theologie sowie Rehabilitationswissenschaft.<\/p>\n<p>Informationen zum Studium sind im Internet unter <u><a href=\"http:\/\/www.seniorenstudium.tu-dortmund.de\" data-outlook-id=\"d32824d9-649e-4333-8265-cdf84cbc1fb3\">www.seniorenstudium.tu-dortmund.de<\/a><\/u>\u00a0zu ersehen.<\/p>\n<h2><span style=\"color: #ff0000;\">Service- und Beratungsteam des Weiterbildenden Studiums f\u00fcr Seniorinnen und Senioren der TU Dortmund<\/span><\/h2>\n<p>Das Service- und Beratungsteam ist eine ehrenamtlich arbeitende Gruppe ehemaliger Studierenden des Weiterbildenden Studiums f\u00fcr Seniorinnen und Senioren der TU Dortmund, die jetzt als Studienberaterinnen und Studienberater t\u00e4tig sind.<\/p>\n<p><strong>Unsere Aufgabengebiete sind&#8230;<\/strong><\/p>\n<ul>\n<li>Erstkontakt mit Interessierten<\/li>\n<li>Aufnahmeregistrierung und Zuarbeit f\u00fcr das Team<\/li>\n<li>Regelm\u00e4\u00dfige Beratungszeiten und monatliche Teambesprechungen<\/li>\n<li>Archivierung von Praktikumsberichten und Abschlussarbeiten<\/li>\n<li>Gestaltung und Besetzung von Informationsst\u00e4nden<\/li>\n<\/ul>\n<p>Email: <a href=\"mailto:beratung-seniorenstudium@tu-dortmund.de\" data-outlook-id=\"885a6fa0-3bf0-4844-aedd-8b3adbc5a85b\">beratung-seniorenstudium@tu-dortmund.de<\/a><\/p>\n<p>Vertreter im Netzwerk DENISS: Dr. Detlef Schiebold<\/p>\n<p>Stand: April 2026<\/p>\n","protected":false},"excerpt":{"rendered":"<p>Das Seniorenstudium an der TU Dortmund Das Weiterbildende Studium f\u00fcr Senior*innen ist ein Angebot der wissenschaftlichen Weiterbildung f\u00fcr Erwachsene, die in der Zeit nach der Berufs- oder Familienphase eine bewusste Lebensplanung f\u00fcr das Alter beabsichtigen. Das Studienangebot steht Interessierten ab &hellip; <a href=\"https:\/\/deniss.de\/?page_id=41\">Weiterlesen <span class=\"meta-nav\">&rarr;<\/span><\/a><\/p>\n","protected":false},"author":4,"featured_media":0,"parent":83,"menu_order":0,"comment_status":"closed","ping_status":"closed","template":"","meta":{"footnotes":""},"class_list":["post-41","page","type-page","status-publish","hentry"],"_links":{"self":[{"href":"https:\/\/deniss.de\/index.php?rest_route=\/wp\/v2\/pages\/41","targetHints":{"allow":["GET"]}}],"collection":[{"href":"https:\/\/deniss.de\/index.php?rest_route=\/wp\/v2\/pages"}],"about":[{"href":"https:\/\/deniss.de\/index.php?rest_route=\/wp\/v2\/types\/page"}],"author":[{"embeddable":true,"href":"https:\/\/deniss.de\/index.php?rest_route=\/wp\/v2\/users\/4"}],"replies":[{"embeddable":true,"href":"https:\/\/deniss.de\/index.php?rest_route=%2Fwp%2Fv2%2Fcomments&post=41"}],"version-history":[{"count":21,"href":"https:\/\/deniss.de\/index.php?rest_route=\/wp\/v2\/pages\/41\/revisions"}],"predecessor-version":[{"id":918,"href":"https:\/\/deniss.de\/index.php?rest_route=\/wp\/v2\/pages\/41\/revisions\/918"}],"up":[{"embeddable":true,"href":"https:\/\/deniss.de\/index.php?rest_route=\/wp\/v2\/pages\/83"}],"wp:attachment":[{"href":"https:\/\/deniss.de\/index.php?rest_route=%2Fwp%2Fv2%2Fmedia&parent=41"}],"curies":[{"name":"wp","href":"https:\/\/api.w.org\/{rel}","templated":true}]}}