{"id":44,"date":"2016-02-12T19:38:57","date_gmt":"2016-02-12T18:38:57","guid":{"rendered":"http:\/\/erich-grosse.de\/?page_id=44"},"modified":"2024-03-03T13:32:28","modified_gmt":"2024-03-03T12:32:28","slug":"hamburg","status":"publish","type":"page","link":"https:\/\/deniss.de\/?page_id=44","title":{"rendered":"Hamburg"},"content":{"rendered":"<p style=\"text-align: center;\"><strong><span style=\"color: #ff0000;\">Interview mit Dr. Karl-Heinz H\u00f6fken<\/span><\/strong><\/p>\n<p style=\"text-align: center;\"><strong>Zu lesen in der E-Zeitschrift &#8222;ConTouren&#8220; Nr. 12, der E-Zeitschrift von und f\u00fcr Gasth\u00f6rerinnen und Gasth\u00f6rer er Universit\u00e4t zu K\u00f6ln.<\/strong><\/p>\n<p><img loading=\"lazy\" decoding=\"async\" class=\"size-medium wp-image-758 aligncenter\" src=\"https:\/\/deniss.de\/wp-content\/uploads\/2024\/03\/Bildschirmfoto-2024-03-03-um-13.23.18-300x134.png\" alt=\"\" width=\"300\" height=\"134\" srcset=\"https:\/\/deniss.de\/wp-content\/uploads\/2024\/03\/Bildschirmfoto-2024-03-03-um-13.23.18-300x134.png 300w, https:\/\/deniss.de\/wp-content\/uploads\/2024\/03\/Bildschirmfoto-2024-03-03-um-13.23.18-768x342.png 768w, https:\/\/deniss.de\/wp-content\/uploads\/2024\/03\/Bildschirmfoto-2024-03-03-um-13.23.18-500x223.png 500w, https:\/\/deniss.de\/wp-content\/uploads\/2024\/03\/Bildschirmfoto-2024-03-03-um-13.23.18.png 921w\" sizes=\"auto, (max-width: 300px) 100vw, 300px\" \/><\/p>\n<p style=\"text-align: center;\"><a href=\"https:\/\/deniss.de\/wp-content\/uploads\/2024\/03\/ConTouren-Ausgabe-12-Interview-Hoefken.pdf\">ConTouren Ausgabe 12, Interview H\u00f6fken<\/a><\/p>\n<div style=\"text-align: center;\"><strong>Hier k\u00f6nnen Sie die komplette Ausgabe der &#8222;Contouren&#8220;, Ausgabe 12, lesen:<\/strong> <a href=\"https:\/\/deniss.de\/wp-content\/uploads\/2024\/03\/01.-ConTouren.Ausgabe_12.final_.02.pdf\" target=\"_blank\" rel=\"noopener\">ConTouren.Ausgabe_12., WS 2023\/24<\/a><\/div>\n<div><\/div>\n<p><img loading=\"lazy\" decoding=\"async\" class=\" wp-image-497 aligncenter\" src=\"https:\/\/deniss.de\/wp-content\/uploads\/2020\/02\/Hamburg-klein.jpg\" alt=\"\" width=\"433\" height=\"295\" \/><img loading=\"lazy\" decoding=\"async\" class=\"alignnone wp-image-165 size-full\" src=\"http:\/\/erich-grosse.de\/wp-content\/uploads\/2016\/02\/logo_hamburg.jpg\" alt=\"logo_hamburg\" width=\"616\" height=\"76\" srcset=\"https:\/\/deniss.de\/wp-content\/uploads\/2016\/02\/logo_hamburg.jpg 616w, https:\/\/deniss.de\/wp-content\/uploads\/2016\/02\/logo_hamburg-300x37.jpg 300w, https:\/\/deniss.de\/wp-content\/uploads\/2016\/02\/logo_hamburg-500x62.jpg 500w\" sizes=\"auto, (max-width: 616px) 100vw, 616px\" \/><\/p>\n<h2>Zweck und Ziele der Interessenvertretung<\/h2>\n<p>Grundlage der T\u00e4tigkeit der Interessenvertretung ist die &#8222;Satzung der Interessenvertretung der Kontaktstudierenden der Universit\u00e4t Hamburg&#8220; i.d.F.v. 28.06.2007, die sich wiederum auf die Grundordnung der Universit\u00e4t Hamburg v. 17.08.2006 bezieht (\u00a7 3(4): (&#8222;Weiterbildungsstudierende und Studierende im Kontaktstudium sind berechtigt, an der Selbstverwaltung ihrer Studieng\u00e4nge mitzuwirken&#8220;.)<br \/>\nDer dreik\u00f6pfige Sprecherrat vertritt die Interessen und Belange der Kontaktstudierenden gegen\u00fcber dem Zentrum Weiterbildung (ZfW) &#8211; diese Universit\u00e4tseinrichtung organisiert das Kontaktstudium -, der Universit\u00e4t, der Hamburger Wissenschaftsbeh\u00f6rde und der \u00d6ffentlichkeit. \u00a0 \u00a0 \u00a0 \u00a0 \u00a0 \u00a0 \u00a0 \u00a0 \u00a0 \u00a0 \u00a0 \u00a0 \u00a0 \u00a0 \u00a0 \u00a0 \u00a0 \u00a0 \u00a0 \u00a0 \u00a0 \u00a0 \u00a0 \u00a0 \u00a0 \u00a0 \u00a0 \u00a0 \u00a0 \u00a0 \u00a0 \u00a0 \u00a0 \u00a0 \u00a0 \u00a0 \u00a0 \u00a0 \u00a0 \u00a0 \u00a0 \u00a0 \u00a0 \u00a0 \u00a0 \u00a0 \u00a0 \u00a0 \u00a0 \u00a0 \u00a0 \u00a0 \u00a0 \u00a0 \u00a0 \u00a0 \u00a0 \u00a0 \u00a0 \u00a0 Im Einzelnen geh\u00f6ren zu den Aufgaben des Sprecherrates:<\/p>\n<ul>\n<li>f\u00fcr ein umfassendes Veranstaltungsangebot des Kontaktstudiums f\u00fcr \u00e4lter Erwachsene (KSE) an der Universit\u00e4t Hamburg einzutreten,<\/li>\n<li>W\u00fcnsche der Kontaktstudierenden zum Veranstaltungsangebot aufzugreifen,<\/li>\n<li>die Interessen der Kontaktstudierenden bez\u00fcglich der Studienbedingungen und Modalit\u00e4ten des KSE (Zulassung, Geb\u00fchren, Belegen von Lehrveranstaltungen u. a.) wahrzunehmen,<\/li>\n<li>das Verh\u00e4ltnis zwischen den ordentlichen Studierenden und den Kontaktstudierenden zu f\u00f6rdern,<\/li>\n<li>die Vollversammlung der Kontaktstudierenden einzuberufen und durchzuf\u00fchren und der Vollversammlung pro Semester einen T\u00e4tigkeitsbericht zu geben,<\/li>\n<li>die Diskussion zwischen den Kontaktstudierenden zu f\u00f6rdern,<\/li>\n<li>den Kontakt zu dem F\u00f6rderkreis f\u00fcr das Kontaktstudium zu halten und sich mit ihm abzustimmen,<\/li>\n<li>Beziehungen mit vergleichbaren Einrichtungen an anderen Hochschulen aufzubauen und zu pflegen.<\/li>\n<\/ul>\n<p>Der Sprecherrat sucht den regelm\u00e4\u00dfigen Kontakt mit der Leitung des ZfW, dem Universit\u00e4tspr\u00e4sidium und dem Vorstand des Allgemeinen Studierenden-Ausschusses.<\/p>\n<h2>Das Seniorenstudium an der Universit\u00e4t Hamburg<\/h2>\n<p>Das Seniorenstudium wird als &#8222;Kontaktstudium f\u00fcr \u00e4ltere Erwachsene&#8220; (KSE) angeboten. Es wird von der ZfW (https:\/\/www.zfw.uni-hamburg.de\/kontaktstudium.html) organisiert.<br \/>\nDas KSE besteht aus zwei Angebotss\u00e4ulen:<\/p>\n<ul>\n<li>Ausgew\u00e4hlte Veranstaltungen (Vorlesungen, Seminare, \u00dcbungen) des ausbildenden Studiums, die von den Hochschullehrern f\u00fcr das Kontaktstudium ge\u00f6ffnet werden (Teilnahme an weiteren Veranstaltungen ist mit Zustimmung der Dozenten m\u00f6glich),<\/li>\n<li>Veranstaltungen (vor allem Vorlesungen ebenfalls von Hochschullehrern &#8211; auch Emeritierten), die von dem ZfW selbst durchgef\u00fchrt werden und die ausschlie\u00dflich f\u00fcr die Kontaktstudierenden bestimmt sind.<\/li>\n<\/ul>\n<p>Die insgesamt ca. 250 Veranstaltungen werden pro Semester in einem kostenlosen Veranstaltungsverzeichnis aufgef\u00fchrt. F\u00fcr die Teilnahme am KSE ist eine schriftliche Anmeldung bei dem ZfW und die Zahlung eines Semesterentgeltes &#8211; z. Zt. pauschal 130,00 Euro &#8211; erforderlich, jedoch nicht der Nachweis f\u00fcr einen bestimmten Schulabschluss. Die Kontaktstudierenden erhalten einen Teilnahmeausweis. An dem KSE nehmen ca. 1600 (SoSe) und 2000 (WiSe) Kontaktstudierende teil.<br \/>\nDas KSE f\u00fchrt i.d.R. nicht zu einem formellen Studienabschluss und zum Erwerb von Leistungsnachweisen. In Kunstgeschichte bietet das ZfW ein 4-semestriges Kontaktstudium in Form eines Baukasten-Modells an, f\u00fcr das Teilnahmebescheinigungen, Baustein- und Universit\u00e4tszertifikate ausgegeben werden. F\u00fcr dieses Kontaktstudium entstehen zus\u00e4tzliche Kosten. Dasselbe gilt auch f\u00fcr die vom ZfW angebotenen kunstgeschichtlichen wissenschaftlichen Studienreisen.<\/p>\n<h2>Leistungen der Interessenvertretung<\/h2>\n<p>Die Hauptleistung besteht darin, die Interessen der Kontaktstudierenden zu vertreten.<br \/>\nDaneben bietet die Interessenvertretung:<\/p>\n<ul>\n<li>die Mitwirkung in verschiedenen Arbeitsgruppen (Programm, Kommunikation \/ EDV, \u00d6ffentlichkeitsarbeit),<\/li>\n<li>Beratung insbesondere f\u00fcr Erstsemester zu Beginn des jeweiligen Semesters<\/li>\n<li>F\u00fchrungen \u00fcber das Universit\u00e4tsgel\u00e4nde zur ersten Orientierung und zum Kennenlernen der zentralen Geb\u00e4ude der Universit\u00e4t,<\/li>\n<li>Mitwirkung bei der Semesterer\u00f6ffnungsveranstaltung,<\/li>\n<li>ein monatliches Kontaktcafe zum Meinungsaustausch,<\/li>\n<li>aktuelle Informationen \u00fcber das Internet,<\/li>\n<li>Informationen zur Handhabung der elektronischen Medien (&#8222;EDV-Ratgeber&#8220;),<\/li>\n<li>Befragungen und statistische Auswertungen zum KSE,<\/li>\n<li>Erfahrungsaustausch mit Seniorenstudierenden anderer Einrichtungen (z. B. Besuch der Seniorenuniversit\u00e4t und der Universit\u00e4t Uppsala\/Schweden, Erfahrungsaustausch mit anderen Interessenvertretungen.<\/li>\n<\/ul>\n<p>Zus\u00e4tzlich zur Interessenvertretung ist &#8211; mit anderen Aufgabenschwerpunkten &#8211; der\u00a0 <strong>Verein\u00a0 zur F\u00f6rderung des Kontaktstudiums f\u00fcr \u00e4ltere Erwachsene der Universit\u00e4t Hamburg e.V<\/strong>. aktiv, der mit der Interessenvertretung eng zusammen arbeitet.<\/p>\n<p>Verbindungen zur Interessenvertretung \u00a0 \u00a0 \u00a0 \u00a0 \u00a0 \u00a0 \u00a0 \u00a0 \u00a0 \u00a0 \u00a0 \u00a0 \u00a0 \u00a0 \u00a0 \u00a0 \u00a0 \u00a0 \u00a0 \u00a0 \u00a0 \u00a0 \u00a0 \u00a0 \u00a0 \u00a0 \u00a0 \u00a0 \u00a0 (<a href=\"https:\/\/www.zfw.uni-hamburg.de\/ kontaktstudium\/interessenvertretung\/sprecherrat.html\">https:\/\/www.zfw.uni-hamburg.de\/ kontaktstudium\/interessenvertretung\/sprecherrat.html<\/a>)<\/p>\n<p>Sprecherrat:\u00a0\u00a0\u00a0\u00a0\u00a0\u00a0\u00a0\u00a0\u00a0\u00a0\u00a0\u00a0\u00a0\u00a0\u00a0\u00a0\u00a0\u00a0\u00a0\u00a0\u00a0\u00a0\u00a0\u00a0\u00a0\u00a0\u00a0\u00a0\u00a0\u00a0\u00a0\u00a0\u00a0\u00a0\u00a0\u00a0\u00a0\u00a0\u00a0\u00a0\u00a0\u00a0\u00a0\u00a0\u00a0\u00a0\u00a0\u00a0\u00a0\u00a0\u00a0\u00a0\u00a0\u00a0\u00a0\u00a0\u00a0\u00a0\u00a0\u00a0\u00a0\u00a0\u00a0\u00a0\u00a0\u00a0\u00a0\u00a0\u00a0\u00a0\u00a0\u00a0\u00a0\u00a0\u00a0\u00a0\u00a0\u00a0\u00a0\u00a0\u00a0\u00a0\u00a0\u00a0\u00a0\u00a0\u00a0\u00a0\u00a0\u00a0\u00a0\u00a0\u00a0\u00a0\u00a0\u00a0\u00a0\u00a0\u00a0\u00a0\u00a0\u00a0\u00a0\u00a0\u00a0\u00a0\u00a0\u00a0\u00a0\u00a0\u00a0\u00a0\u00a0\u00a0\u00a0\u00a0\u00a0\u00a0\u00a0\u00a0\u00a0\u00a0\u00a0\u00a0\u00a0 E-Mail: <a href=\"ksesprecherrat@aww.uni-hamburg.de\">ksesprecherrat@aww.uni-hamburg.de\u00a0 <\/a><\/p>\n<p>Postanschrift:<br \/>\nKSE-Interessenvertretung<br \/>\nZentrum f\u00fcr Weiterbildung<br \/>\nSchl\u00fcterstra\u00dfe 51<br \/>\n20146 Hamburg<\/p>\n<p>Verbindung zum F\u00f6rderverein:<br \/>\n(<a href=\"https:\/\/www.zfw.uni-hamburg.de\/kontaktstudium\/interessenvertretung\/foederverein.html\">https:\/\/www.zfw.uni-hamburg.de\/kontaktstudium\/interessenvertretung\/foerderverein.html) <\/a><\/p>\n<p>E-Mail: <a href=\"kse-foerderverein@lists.uni-hamburg.de\">kse-foerderverein@lists.uni-hamburg.de\u00a0\u00a0\u00a0\u00a0\u00a0\u00a0\u00a0\u00a0<\/a><\/p>\n<p>Postanschrift:\u00a0\u00a0\u00a0\u00a0\u00a0\u00a0\u00a0\u00a0\u00a0\u00a0\u00a0\u00a0\u00a0\u00a0\u00a0\u00a0\u00a0\u00a0\u00a0\u00a0\u00a0\u00a0\u00a0\u00a0\u00a0\u00a0\u00a0\u00a0\u00a0\u00a0\u00a0\u00a0\u00a0\u00a0\u00a0\u00a0\u00a0\u00a0\u00a0\u00a0\u00a0\u00a0\u00a0\u00a0\u00a0\u00a0\u00a0\u00a0\u00a0\u00a0\u00a0\u00a0\u00a0\u00a0\u00a0\u00a0\u00a0\u00a0\u00a0\u00a0\u00a0\u00a0\u00a0\u00a0\u00a0\u00a0\u00a0\u00a0\u00a0\u00a0\u00a0\u00a0\u00a0\u00a0\u00a0\u00a0\u00a0\u00a0\u00a0\u00a0\u00a0\u00a0\u00a0\u00a0\u00a0\u00a0\u00a0\u00a0\u00a0\u00a0\u00a0\u00a0\u00a0\u00a0\u00a0\u00a0\u00a0\u00a0\u00a0\u00a0\u00a0\u00a0\u00a0\u00a0\u00a0\u00a0\u00a0\u00a0\u00a0\u00a0\u00a0\u00a0\u00a0\u00a0\u00a0\u00a0\u00a0\u00a0\u00a0\u00a0\u00a0\u00a0 Verein zur F\u00f6rderung des Kontaktstudiums f\u00fcr \u00e4ltere Erwachsene der Universit\u00e4t Hamburg e.V. \u00a0 \u00a0 \u00a0 \u00a0 \u00a0 \u00a0 \u00a0 \u00a0 \u00a0 \u00a0 \u00a0 \u00a0 \u00a0 \u00a0 \u00a0 \u00a0 \u00a0 \u00a0 \u00a0 \u00a0 \u00a0 \u00a0 \u00a0 \u00a0 \u00a0 \u00a0 \u00a0 \u00a0 \u00a0 \u00a0 \u00a0 \u00a0 \u00a0 \u00a0 \u00a0 \u00a0 \u00a0 \u00a0 \u00a0 \u00a0 \u00a0 \u00a0 \u00a0 \u00a0 \u00a0 \u00a0 \u00a0 \u00a0 \u00a0 \u00a0 \u00a0 \u00a0 \u00a0 \u00a0 \u00a0 \u00a0 \u00a0 \u00a0 \u00a0 \u00a0 \u00a0 Schl\u00fcterstra\u00dfe 51 \u00a0 \u00a0 \u00a0 \u00a0 \u00a0 \u00a0 \u00a0 \u00a0 \u00a0 \u00a0 \u00a0 \u00a0 \u00a0 \u00a0 \u00a0 \u00a0 \u00a0 \u00a0 \u00a0 \u00a0 \u00a0 \u00a0 \u00a0 \u00a0 \u00a0 \u00a0 \u00a0 \u00a0 \u00a0 \u00a0 \u00a0 \u00a0 \u00a0 \u00a0 \u00a0 \u00a0 \u00a0 \u00a0 \u00a0 \u00a0 \u00a0 \u00a0 \u00a0 \u00a0 \u00a0 \u00a0 \u00a0 \u00a0 \u00a0 \u00a0 \u00a0 \u00a0 \u00a0 \u00a0 \u00a0 \u00a0 \u00a0 \u00a0 20146 Hamburg<\/p>\n","protected":false},"excerpt":{"rendered":"<p>Interview mit Dr. Karl-Heinz H\u00f6fken Zu lesen in der E-Zeitschrift &#8222;ConTouren&#8220; Nr. 12, der E-Zeitschrift von und f\u00fcr Gasth\u00f6rerinnen und Gasth\u00f6rer er Universit\u00e4t zu K\u00f6ln. ConTouren Ausgabe 12, Interview H\u00f6fken Hier k\u00f6nnen Sie die komplette Ausgabe der &#8222;Contouren&#8220;, Ausgabe 12, &hellip; <a href=\"https:\/\/deniss.de\/?page_id=44\">Weiterlesen <span class=\"meta-nav\">&rarr;<\/span><\/a><\/p>\n","protected":false},"author":4,"featured_media":0,"parent":83,"menu_order":0,"comment_status":"closed","ping_status":"closed","template":"","meta":{"footnotes":""},"class_list":["post-44","page","type-page","status-publish","hentry"],"_links":{"self":[{"href":"https:\/\/deniss.de\/index.php?rest_route=\/wp\/v2\/pages\/44","targetHints":{"allow":["GET"]}}],"collection":[{"href":"https:\/\/deniss.de\/index.php?rest_route=\/wp\/v2\/pages"}],"about":[{"href":"https:\/\/deniss.de\/index.php?rest_route=\/wp\/v2\/types\/page"}],"author":[{"embeddable":true,"href":"https:\/\/deniss.de\/index.php?rest_route=\/wp\/v2\/users\/4"}],"replies":[{"embeddable":true,"href":"https:\/\/deniss.de\/index.php?rest_route=%2Fwp%2Fv2%2Fcomments&post=44"}],"version-history":[{"count":16,"href":"https:\/\/deniss.de\/index.php?rest_route=\/wp\/v2\/pages\/44\/revisions"}],"predecessor-version":[{"id":762,"href":"https:\/\/deniss.de\/index.php?rest_route=\/wp\/v2\/pages\/44\/revisions\/762"}],"up":[{"embeddable":true,"href":"https:\/\/deniss.de\/index.php?rest_route=\/wp\/v2\/pages\/83"}],"wp:attachment":[{"href":"https:\/\/deniss.de\/index.php?rest_route=%2Fwp%2Fv2%2Fmedia&parent=44"}],"curies":[{"name":"wp","href":"https:\/\/api.w.org\/{rel}","templated":true}]}}