{"id":49,"date":"2016-02-16T16:44:37","date_gmt":"2016-02-16T15:44:37","guid":{"rendered":"http:\/\/erich-grosse.de\/?page_id=49"},"modified":"2026-04-12T17:23:00","modified_gmt":"2026-04-12T15:23:00","slug":"dresden","status":"publish","type":"page","link":"https:\/\/deniss.de\/?page_id=49","title":{"rendered":"Dresden"},"content":{"rendered":"<p><img loading=\"lazy\" decoding=\"async\" class=\"alignnone size-full wp-image-398\" src=\"https:\/\/deniss.de\/wp-content\/uploads\/2017\/12\/Hygienemuseum_Dresden_beschriftet.jpg\" alt=\"\" width=\"779\" height=\"288\" srcset=\"https:\/\/deniss.de\/wp-content\/uploads\/2017\/12\/Hygienemuseum_Dresden_beschriftet.jpg 779w, https:\/\/deniss.de\/wp-content\/uploads\/2017\/12\/Hygienemuseum_Dresden_beschriftet-300x111.jpg 300w, https:\/\/deniss.de\/wp-content\/uploads\/2017\/12\/Hygienemuseum_Dresden_beschriftet-768x284.jpg 768w, https:\/\/deniss.de\/wp-content\/uploads\/2017\/12\/Hygienemuseum_Dresden_beschriftet-500x185.jpg 500w\" sizes=\"auto, (max-width: 779px) 100vw, 779px\" \/><\/p>\n<p><strong><img loading=\"lazy\" decoding=\"async\" class=\"alignnone size-medium wp-image-911\" src=\"https:\/\/deniss.de\/wp-content\/uploads\/2026\/04\/DSA-logo-300x162.jpg\" alt=\"\" width=\"300\" height=\"162\" srcset=\"https:\/\/deniss.de\/wp-content\/uploads\/2026\/04\/DSA-logo-300x162.jpg 300w, https:\/\/deniss.de\/wp-content\/uploads\/2026\/04\/DSA-logo-1024x553.jpg 1024w, https:\/\/deniss.de\/wp-content\/uploads\/2026\/04\/DSA-logo-768x415.jpg 768w, https:\/\/deniss.de\/wp-content\/uploads\/2026\/04\/DSA-logo-1536x829.jpg 1536w, https:\/\/deniss.de\/wp-content\/uploads\/2026\/04\/DSA-logo-2048x1106.jpg 2048w, https:\/\/deniss.de\/wp-content\/uploads\/2026\/04\/DSA-logo-500x270.jpg 500w\" sizes=\"auto, (max-width: 300px) 100vw, 300px\" \/>\u00a0<\/strong><\/p>\n<p><strong>Dresdner Seniorenakademie Wissenschaft und Kunst (DSA)<\/strong><\/p>\n<p>Die Dresdner Seniorenakademie wurde 1994 auf Initiative der Technischen Universit\u00e4t Dresden und des Deutschen Hygiene-Museums Dresden mit dem Ziel gegr\u00fcndet, neben umfangreichen Bildungsangeboten auch eine Kommunikations-Plattform f\u00fcr \u00c4ltere bereitzustellen.<\/p>\n<p>Dabei konnte die DSA auf eine l\u00e4ngere Tradition zur\u00fcckgreifen, bereits seit 1978 gab es die &#8222;Dresdner Sonntagsuniversit\u00e4t&#8220; an der TU Dresden und die &#8222;Akademie f\u00fcr \u00e4ltere B\u00fcrger&#8220; an der Medizinischen Akademie in Dresden. Bis 2024 stellte das Deutsche Hygienemuseum Vortrags- und Seminarr\u00e4ume kostenlos zur Verf\u00fcgung. Auch das B\u00fcro der DSA befindet sich im Bereich des Tagungszentrums des DHM.<\/p>\n<p>Die Dresdner Seniorenakademie bietet pro Semester ca. 250 bis 300 Veranstaltungen an, davon etwa ein Viertel Teilnahmem\u00f6glichkeiten an Vorlesungsreihen der B\u00fcrgeruniversit\u00e4t der TU Dresden. Die anderen Veranstaltungen auf den Gebieten Natur, Wissenschaften, Technik, Medizin &amp; Vitalit\u00e4t, Gesellschaft &amp; Politik, Geschichte, Kunst &amp; Kultur und Digitales werden von den ehrenamtlich T\u00e4tigen des F\u00f6rdervereins der DSA organisiert. Dar\u00fcber hinaus arbeiten im Bereich Kreatives Gestalten verschiedene Interessengruppen auf regelm\u00e4\u00dfiger Basis. Das Deutsche Hygiene-Museum steuert ebenfalls eine Reihe von Veranstaltungen zum Semesterprogramm bei. Wesentlicher Bestandteil sind auch die Bildungseisen, die von unserem Partner Eberhardt TRAVEL GmbH organisiert und durchgef\u00fchrt werden.<\/p>\n<p>Bei der Organisation der Veranstaltungen k\u00f6nne wir auf ein umfangreiches Netzwerk unserer weiteren Partner zur\u00fcckgreifen. Dazu z\u00e4hlen, um nur einige neben den bereits Erw\u00e4hnten zu nennen, weitere Hochschulen der Stadt Dresden (HTW, HfBK, HfMDD), Museen des Freistaates Sachsen und der Stadt Dresden, wissenschaftliche Institute (Max-Planck-Institute, Fraunhofer-Institute, Helmholtz-Zentrum), das Medienkulturzentrum Dresden sowie die Landes\u00e4mter f\u00fcr Arch\u00e4ologie und Denkmalsschutz des Freistaates Sachsen.<\/p>\n<p>Die Kosten f\u00fcr die Organisation der Veranstaltungen werden durch die Semestergeb\u00fchr von 80 Euro bestritten, dazu kommen ggf. Eintritte und F\u00fchrungsgeb\u00fchren. Eine finanzielle Unterst\u00fctzung durch die Stadt Dresden oder den Freistaat Sachsen erh\u00e4lt die DSA nicht.<\/p>\n<p>Derzeit nutzen etwa 500 H\u00f6rerinnen und H\u00f6rer pro Semester das Programm der Seniorenakademie Dresden. Damit haben wir das Vor-Corona-Niveau noch nicht vollst\u00e4ndig wieder erreicht.<\/p>\n<p>Das aktuelle Semesterprogramm ist unter \u201eBildungsangebot\u201c auf unserer Homepage <a href=\"http:\/\/www.tu-dresden.de\/senior\">www.tu-dresden.de\/senior<\/a> zu finden.<\/p>\n<p>Hans Schr\u00f6ter, Mitglied des Vorstands der DSA<\/p>\n<p>E-Mail:\u00a0<a href=\"mailto:oeffentlichkeit@dsa-senioren.de\">oeffentlichkeit@dsa-senioren.de<\/a><\/p>\n<p><strong>Verein \u201eFreunde und F\u00f6rderer der Dresdner Seniorenakademie Wissenschaft und Kunst e.V.\u201c<\/strong><\/p>\n<p>Lingner Platz 1, 01069 Dresden<\/p>\n<p>E-Mail:\u00a0<a href=\"mailto:buero-seniorenakademie@dsa-senioren.de\">buero-seniorenakademie@dsa-senioren.de<\/a><\/p>\n<p>Stand: April 2026<\/p>\n","protected":false},"excerpt":{"rendered":"<p>\u00a0 Dresdner Seniorenakademie Wissenschaft und Kunst (DSA) Die Dresdner Seniorenakademie wurde 1994 auf Initiative der Technischen Universit\u00e4t Dresden und des Deutschen Hygiene-Museums Dresden mit dem Ziel gegr\u00fcndet, neben umfangreichen Bildungsangeboten auch eine Kommunikations-Plattform f\u00fcr \u00c4ltere bereitzustellen. Dabei konnte die DSA &hellip; <a href=\"https:\/\/deniss.de\/?page_id=49\">Weiterlesen <span class=\"meta-nav\">&rarr;<\/span><\/a><\/p>\n","protected":false},"author":4,"featured_media":0,"parent":83,"menu_order":0,"comment_status":"closed","ping_status":"closed","template":"","meta":{"footnotes":""},"class_list":["post-49","page","type-page","status-publish","hentry"],"_links":{"self":[{"href":"https:\/\/deniss.de\/index.php?rest_route=\/wp\/v2\/pages\/49","targetHints":{"allow":["GET"]}}],"collection":[{"href":"https:\/\/deniss.de\/index.php?rest_route=\/wp\/v2\/pages"}],"about":[{"href":"https:\/\/deniss.de\/index.php?rest_route=\/wp\/v2\/types\/page"}],"author":[{"embeddable":true,"href":"https:\/\/deniss.de\/index.php?rest_route=\/wp\/v2\/users\/4"}],"replies":[{"embeddable":true,"href":"https:\/\/deniss.de\/index.php?rest_route=%2Fwp%2Fv2%2Fcomments&post=49"}],"version-history":[{"count":12,"href":"https:\/\/deniss.de\/index.php?rest_route=\/wp\/v2\/pages\/49\/revisions"}],"predecessor-version":[{"id":912,"href":"https:\/\/deniss.de\/index.php?rest_route=\/wp\/v2\/pages\/49\/revisions\/912"}],"up":[{"embeddable":true,"href":"https:\/\/deniss.de\/index.php?rest_route=\/wp\/v2\/pages\/83"}],"wp:attachment":[{"href":"https:\/\/deniss.de\/index.php?rest_route=%2Fwp%2Fv2%2Fmedia&parent=49"}],"curies":[{"name":"wp","href":"https:\/\/api.w.org\/{rel}","templated":true}]}}