{"id":51,"date":"2016-02-16T16:19:21","date_gmt":"2016-02-16T15:19:21","guid":{"rendered":"http:\/\/erich-grosse.de\/?page_id=51"},"modified":"2024-03-28T12:04:17","modified_gmt":"2024-03-28T11:04:17","slug":"hannover","status":"publish","type":"page","link":"https:\/\/deniss.de\/?page_id=51","title":{"rendered":"Hannover"},"content":{"rendered":"<p><img loading=\"lazy\" decoding=\"async\" class=\"size-full wp-image-505\" src=\"https:\/\/deniss.de\/wp-content\/uploads\/2020\/02\/UNI_Hannover_beschriftet.jpg\" alt=\"\" width=\"1426\" height=\"543\" srcset=\"https:\/\/deniss.de\/wp-content\/uploads\/2020\/02\/UNI_Hannover_beschriftet.jpg 1426w, https:\/\/deniss.de\/wp-content\/uploads\/2020\/02\/UNI_Hannover_beschriftet-300x114.jpg 300w, https:\/\/deniss.de\/wp-content\/uploads\/2020\/02\/UNI_Hannover_beschriftet-1024x390.jpg 1024w, https:\/\/deniss.de\/wp-content\/uploads\/2020\/02\/UNI_Hannover_beschriftet-768x292.jpg 768w, https:\/\/deniss.de\/wp-content\/uploads\/2020\/02\/UNI_Hannover_beschriftet-500x190.jpg 500w\" sizes=\"auto, (max-width: 1426px) 100vw, 1426px\" \/><\/p>\n<h1 style=\"text-align: center;\">Studentische Interessenvertretung Gasth\u00f6renden- und Seniorenstudium (StIV)<br \/>\nder Gottfried Wilhelm Leibniz Universit\u00e4t Hannover<\/h1>\n<p>Den Anfang bildete 1998 ein studienbegleitendes Seminar der Zentralen Einrichtung f\u00fcr Weiterbildung (ZEW) an der Universit\u00e4t Hannover (heute Leibniz Universit\u00e4t Hannover) mit dem Inhalt \u201eGestaltung des Seniorenstudiums\u201c. Daraus entstand die \u201eGestaltungsgruppe Seniorenstudium\u201c, der unmittelbare Vorg\u00e4nger der jetzigen \u201eStudentischen Interessenvertretung Gasth\u00f6renden- und Seniorenstudium\u201c, deren Mitglieder im Wintersemester 1999\/2000 erstmals in einer Vollversammlung von den Gasth\u00f6renden- und Seniorstudierenden f\u00fcr die Dauer von 2 Jahren gew\u00e4hlt wurden.<\/p>\n<p>Im Laufe der Zeit ist das Wirken der StIV auf eine breitere Basis gestellt worden indem mit der ZEW eine Vereinbarung getroffen wurde, dass vor Entscheidungen von Belang f\u00fcr das Gasth\u00f6renden Studium die Interessenvertretung angeh\u00f6rt wird. Der Sprecher der Interessenvertretung wird zu den Sitzungen des Wissenschaftlichen Beirates der ZEW eingeladen und geh\u00f6rt.<\/p>\n<p><strong>Das Gasth\u00f6renden- und Seniorenstudium:<\/strong><\/p>\n<p>Das Gasth\u00f6renden- und Seniorenstudium wurde im Wintersemester 1985\/1986 eingef\u00fchrt und besteht nun seit \u00fcber f\u00fcnfundzwanzig Jahren an der Leibniz Universit\u00e4t Hannover. Es wird von Beginn an von der Zentralen Einrichtung f\u00fcr Weiterbildung (ZEW) betreut. Die Universit\u00e4t leistet seit dieser Zeit mit diesem Angebot einen Beitrag zum lebenslangen Lernen.<\/p>\n<p>Das Angebot des Gasth\u00f6renden- und Seniorenstudiums umfasst regul\u00e4re Lehrveranstaltungen aller neun Fakult\u00e4ten sowie ein eigenes an den Interessen der Gasth\u00f6renden orientiertes Programm, welches \u00fcber die ZEW organisiert und durchgef\u00fchrt wird. Von Anfang an gab und gibt es an der Leibniz Universit\u00e4t Hannover das Miteinander-Studieren von Jung und Alt.<\/p>\n<p>Die Teilnahme am Gasth\u00f6renden- und Seniorenstudium ist an keine besonderen Voraussetzungen gekn\u00fcpft. Neben dem allgemeinen Gasth\u00f6rerstudium, bei dem kein Studienabschluss erworben werden kann, gibt es auch abschlussbezogene Studienprogramme, dass sind das Studienprogramm Kulturwissenschaften und das Studienzertifikat \u00c4sthetische Bildung und Gestaltung.<\/p>\n<p>Die Studiengeb\u00fchr betr\u00e4gt z.Zt. 146,&#8211;\u20ac, f\u00fcr das Studienprogramm Kulturwissenschaften 180,\u2014\u20ac pro Semester.<\/p>\n<p><strong>Aktivit\u00e4ten der Interessenvertretung:<\/strong><\/p>\n<p>Einrichten von tempor\u00e4ren Projekten Arbeitsgruppen, Kontaktpflege und Erfahrungsaustausch mit anderen Universit\u00e4ten, Mitwirken beim Erarbeiten des Vorlesungsverzeichnisses der ZEW, Mitwirken bei Semesterer\u00f6ffnungs-Veranstaltungen, Erstsemesterbetreuung, F\u00fchrungen z.B. Stadtarchiv, Veterin\u00e4rmedizin-Historisches Museum, Nieders\u00e4chsischer Landtag, Norddeutsche Landesbank, Norddeutscher Rundfunk, &#8230;<\/p>\n<p><strong>Ansprechpartner:<\/strong><\/p>\n<p>G\u00fcnter Zimmermann Tel. 0511-3728758\u00a0\u00a0 E-Mail\u00a0 <a href=\"mailto:g.zimmermann23@web.de\">g.zimmermann23@web.de<\/a><\/p>\n<p><strong>Postanschrift:<\/strong><\/p>\n<h5>Interessenvertretung Gasth\u00f6renden- und Seniorenstudium<\/h5>\n<h5>Schlo\u00dfwender Stra\u00dfe 7, 30159 Hannover<\/h5>\n<p>&nbsp;<\/p>\n<p>&nbsp;<\/p>\n<p>&nbsp;<\/p>\n<p>&nbsp;<\/p>\n","protected":false},"excerpt":{"rendered":"<p>Studentische Interessenvertretung Gasth\u00f6renden- und Seniorenstudium (StIV) der Gottfried Wilhelm Leibniz Universit\u00e4t Hannover Den Anfang bildete 1998 ein studienbegleitendes Seminar der Zentralen Einrichtung f\u00fcr Weiterbildung (ZEW) an der Universit\u00e4t Hannover (heute Leibniz Universit\u00e4t Hannover) mit dem Inhalt \u201eGestaltung des Seniorenstudiums\u201c. Daraus &hellip; <a href=\"https:\/\/deniss.de\/?page_id=51\">Weiterlesen <span class=\"meta-nav\">&rarr;<\/span><\/a><\/p>\n","protected":false},"author":4,"featured_media":0,"parent":83,"menu_order":0,"comment_status":"closed","ping_status":"closed","template":"","meta":{"footnotes":""},"class_list":["post-51","page","type-page","status-publish","hentry"],"_links":{"self":[{"href":"https:\/\/deniss.de\/index.php?rest_route=\/wp\/v2\/pages\/51","targetHints":{"allow":["GET"]}}],"collection":[{"href":"https:\/\/deniss.de\/index.php?rest_route=\/wp\/v2\/pages"}],"about":[{"href":"https:\/\/deniss.de\/index.php?rest_route=\/wp\/v2\/types\/page"}],"author":[{"embeddable":true,"href":"https:\/\/deniss.de\/index.php?rest_route=\/wp\/v2\/users\/4"}],"replies":[{"embeddable":true,"href":"https:\/\/deniss.de\/index.php?rest_route=%2Fwp%2Fv2%2Fcomments&post=51"}],"version-history":[{"count":9,"href":"https:\/\/deniss.de\/index.php?rest_route=\/wp\/v2\/pages\/51\/revisions"}],"predecessor-version":[{"id":767,"href":"https:\/\/deniss.de\/index.php?rest_route=\/wp\/v2\/pages\/51\/revisions\/767"}],"up":[{"embeddable":true,"href":"https:\/\/deniss.de\/index.php?rest_route=\/wp\/v2\/pages\/83"}],"wp:attachment":[{"href":"https:\/\/deniss.de\/index.php?rest_route=%2Fwp%2Fv2%2Fmedia&parent=51"}],"curies":[{"name":"wp","href":"https:\/\/api.w.org\/{rel}","templated":true}]}}