{"id":53,"date":"2016-02-16T16:20:03","date_gmt":"2016-02-16T15:20:03","guid":{"rendered":"http:\/\/erich-grosse.de\/?page_id=53"},"modified":"2025-06-17T13:58:27","modified_gmt":"2025-06-17T11:58:27","slug":"koeln","status":"publish","type":"page","link":"https:\/\/deniss.de\/?page_id=53","title":{"rendered":"K\u00f6ln"},"content":{"rendered":"<p>&nbsp;<\/p>\n<h2><img loading=\"lazy\" decoding=\"async\" class=\"alignnone size-full wp-image-632\" src=\"https:\/\/deniss.de\/wp-content\/uploads\/2022\/09\/Logo-fgs-2022_cmyk-scaled.jpg\" alt=\"\" width=\"2560\" height=\"725\" srcset=\"https:\/\/deniss.de\/wp-content\/uploads\/2022\/09\/Logo-fgs-2022_cmyk-scaled.jpg 2560w, https:\/\/deniss.de\/wp-content\/uploads\/2022\/09\/Logo-fgs-2022_cmyk-300x85.jpg 300w, https:\/\/deniss.de\/wp-content\/uploads\/2022\/09\/Logo-fgs-2022_cmyk-1024x290.jpg 1024w, https:\/\/deniss.de\/wp-content\/uploads\/2022\/09\/Logo-fgs-2022_cmyk-768x218.jpg 768w, https:\/\/deniss.de\/wp-content\/uploads\/2022\/09\/Logo-fgs-2022_cmyk-1536x435.jpg 1536w, https:\/\/deniss.de\/wp-content\/uploads\/2022\/09\/Logo-fgs-2022_cmyk-2048x580.jpg 2048w, https:\/\/deniss.de\/wp-content\/uploads\/2022\/09\/Logo-fgs-2022_cmyk-500x142.jpg 500w\" sizes=\"auto, (max-width: 2560px) 100vw, 2560px\" \/><\/h2>\n<h2><b>Zweck und Ziele des Vereins<\/b><\/h2>\n<p>Der Verein zur F\u00f6rderung des Gasth\u00f6rer- und Seniorenstudiums an der Universit\u00e4t zu K\u00f6ln &#8211; fgs &#8211; wurde 1996 gegr\u00fcndet und hat inzwischen 500 Mitglieder.<br \/>\nZiel des fgs ist es, Gasth\u00f6rer- und Seniorstudenten w\u00e4hrend ihres nicht berufsorientierten akademischen Studiums an der Universit\u00e4t zu begleiten. Das geschieht durch<br \/>\n&#8211;\u00a0zus\u00e4tzliche studienbegleitende Arbeitskreise und Projektgruppen<br \/>\n&#8211;\u00a0interdisziplin\u00e4re Vortragsreihen<br \/>\n&#8211;\u00a0sonstige Studien erg\u00e4nzende Veranstaltungen und Exkursionen<br \/>\n&#8211;\u00a0zielgruppenspezifische Informationsdienste<br \/>\n&#8211;\u00a0Beratung von \u00e4lteren Studierenden<br \/>\n&#8211;\u00a0Vertretung ihrer Interessen gegen\u00fcber der Universit\u00e4t.<br \/>\nDie Aufgaben werden in Zusammenarbeit und Abstimmung mit der Koordinierungsstelle Wissenschaft und \u00d6ffentlichkeit\u00a0 Gasth\u00f6rer- und Seniorenstudium an der Universit\u00e4t zu K\u00f6ln wahrgenommen.<br \/>\nDer fgs ist als gemeinn\u00fctziger Verein beim Amtsgericht K\u00f6ln eingetragen.<br \/>\nDie Mitgliedbeitr\u00e4ge (30 \u20ac\/Jahr) werden ausschlie\u00dflich zur Wahrnehmung der oben beschriebenen Aufgaben verwendet. Sie sind steuerlich abzugsf\u00e4hig.<\/p>\n<h2><b>Das Seniorenstudium an der Universit\u00e4t K\u00f6ln<\/b><\/h2>\n<p>Jede\/r kann kann im Rahmen der vorhandenen Studienm\u00f6glichkeiten zum Gasth\u00f6rendenstudium zugelassen werden, ohne Nachweis eines bestimmten Schulabschlusses. Das Gasth\u00f6rendenstudium berechtigt nicht zu einem formellen Studienabschluss oder zum Erwerb von Leistungsnachweisen (Scheinen). Die Gasth\u00f6rendengeb\u00fchr betr\u00e4gt 100,00 Euro pro Semester.<\/p>\n<p>Im Mittelpunkt eines Gasth\u00f6rendenstudiums steht die Teilnahme an den Lehrveranstaltungen der Fakult\u00e4ten der Universit\u00e4t zu K\u00f6ln. Gasth\u00f6rerende k\u00f6nnen die Lehrveranstaltungen frei aus dem Angebot der Hochschule ausw\u00e4hlen. Vorlesungen sind &#8211; mit wenigen Ausnahmen &#8211; f\u00fcr eingeschreibende Gasth\u00f6rende frei zug\u00e4nglich. Die Teilnahme an \u00dcbungen und Seminaren aus dem Grund- und Hauptstudium erfolgt nach Abstimmung mit den jeweiligen Dozenten\/innen.<\/p>\n<p>Um die Aufnahme und Durchf\u00fchrung eines Gasth\u00f6rendenstudiums zu erleichtern, bietet die Universit\u00e4t zu K\u00f6ln Orientierungshilfen speziell f\u00fcr Gasth\u00f6rerende und \u00e4ltere Studierende. Spezielle Seminarveranstaltungen richten sich besonders an \u00e4ltere Studierende: die Arbeitskreise. Au\u00dferdem k\u00f6nnen Gasth\u00f6rerende selbst Projektgruppen initiieren, die wissenschaftlich begleitet werden. Diese besonderen Angebote f\u00fcr Seniorstudierende werden von der Koordinierungsstelle Wissenschaft + \u00d6ffentlichkeit gemeinsam mit Seniorstudierenden und dem Vorstand des Vereins zur F\u00f6rderung des Gasth\u00f6rer- und Seniorenstudiums geplant und entwickelt<\/p>\n<h2><b>Leistungen des F\u00f6rdervereins<\/b><\/h2>\n<p>Finanzierung von Arbeitskreisen<\/p>\n<p style=\"padding-left: 30px;\">In jedem Semester bietet die Universit\u00e4t zu K\u00f6ln, nicht zuletzt dank der finanziellen Unterst\u00fctzung durch den F\u00f6rderverein, zus\u00e4tzlich ein vielf\u00e4ltiges wissenschaftliches Veranstaltungsangebot, das sich speziell an Gasth\u00f6rende und \u00e4ltere Studierende richtet. In diesen Arbeitskreisen f\u00fcr die (\u00e4lteren) Gasth\u00f6rende werden neben den thematisch bestimmten Inhalten auch Methoden des wissenschaftlichen Arbeitens behandelt.<\/p>\n<p>Organisatorische und finanzielle Unterst\u00fctzung von Projektgruppen<\/p>\n<p style=\"padding-left: 30px;\">Um auch Gasth\u00f6rende die Konzentration auf ein (selbst gesetztes) Studienziel und damit eine verst\u00e4rkte eigene Produktivit\u00e4t im Rahmen ihres Studiums zu erm\u00f6glichen, haben sich seit 1997 verschiedene Projektgruppen gebildet. Kerngedanke der Projektgruppenarbeit ist das forschende Lehren und Lernen. Die Projektgruppen haben das Ziel, die im Erwerbs- und Familienleben sowie im Studium erworbenen fachlichen und \u00fcberfachlichen Kompetenzen der Gasth\u00f6renden in die Gesellschaft einzubringen. So werden die Ergebnisse der Projektgruppenarbeit regelm\u00e4\u00dfig ver\u00f6ffentlicht und \u00f6ffentlich diskutiert. Dabei w\u00e4hlen die Projektgruppen, je nach Thema und Zielsetzung unterschiedliche Formen der Ver\u00f6ffentlichung, wie Vortragsveranstaltungen, Kongresse, Publikationen oder Ausstellungen, die einem breiteren Publikum zug\u00e4ngig gemacht werden.<\/p>\n<p>Konzeption und Durchf\u00fchrung von Vortragsreihen<\/p>\n<p style=\"padding-left: 30px;\">Der fgs organisiert zu Semesterer\u00f6ffnung und Semesterende Vortr\u00e4ge von Wissenschaftlern\/innen der Universit\u00e4t zu K\u00f6ln.<br \/>\nZus\u00e4tzlich hat der fgs die Vortragsreihe 2MM ins Leben gerufen, in der Seniorstudierende selbst Vortr\u00e4ge halten und die Ergebnisse ihrer Arbeit vorstellen.\u00dcber Veranstaltungen und aktuelle Themen an der Universit\u00e4t zu K\u00f6ln informiert au\u00dferdem regelm\u00e4\u00dfig ein vom fgs herausgegebener Newsletter, der von Interessenten kostenlos bezogen werden kann.<\/p>\n<p>Exkursionen<\/p>\n<p style=\"padding-left: 30px;\">Der fgs organisiert jedes Semester ca. 20 Exkursionen in der Stadt und Region K\u00f6ln sowie zu Forschungseinrichtungen der Universit\u00e4t.<\/p>\n<p>Computerkurse und Einf\u00fchrungsseminare in Methoden des wissenschaftlichen Arbeitens.<\/p>\n<p style=\"padding-left: 30px;\">Der fgs organisiert und finanziert in jedem Semester\u00a0 Computerkurse speziell f\u00fcr Seniorstudierende sowie jedes zweite Semester ein Einf\u00fchrungsseminar in Methoden des wissenschaftlichen Arbeitens.<\/p>\n<p>Jour fixe<\/p>\n<p style=\"padding-left: 30px;\">Jeden zweiten Mittwoch in den Vorlesungsmonaten\u00a0 findet ab 18.00 Uhr ein &#8222;Jour fixe&#8220; in der Gastst\u00e4tte Roland Eck (Rolandstrasse Ecke Merowingerstrasse) statt. Hier k\u00f6nnen sich Studierende austauschen, neue Projekte planen oder auch einfach nur mit einem Glas K\u00f6lsch den Studientag ausklingen lassen. Seniorstudierende anderer Universit\u00e4ten sind hierzu herzlich eingeladen!<\/p>\n<p><b>Verbindungen zum F\u00f6rderverein<\/b><\/p>\n<p>Vertreterin des Vereins im Netzwerk<\/p>\n<p>Angelika Christ angelikamariachrist@gmail.com<\/p>\n<p>Website des F\u00f6rdervereins\u00a0\u00a0<a href=\"http:\/\/www.fgs-uni-koeln.de\/\">http:\/\/www.fgs-uni-koeln.de\/<\/a><\/p>\n<hr \/>\n<div><\/div>\n","protected":false},"excerpt":{"rendered":"<p>&nbsp; Zweck und Ziele des Vereins Der Verein zur F\u00f6rderung des Gasth\u00f6rer- und Seniorenstudiums an der Universit\u00e4t zu K\u00f6ln &#8211; fgs &#8211; wurde 1996 gegr\u00fcndet und hat inzwischen 500 Mitglieder. Ziel des fgs ist es, Gasth\u00f6rer- und Seniorstudenten w\u00e4hrend ihres &hellip; <a href=\"https:\/\/deniss.de\/?page_id=53\">Weiterlesen <span class=\"meta-nav\">&rarr;<\/span><\/a><\/p>\n","protected":false},"author":4,"featured_media":0,"parent":83,"menu_order":0,"comment_status":"closed","ping_status":"closed","template":"","meta":{"footnotes":""},"class_list":["post-53","page","type-page","status-publish","hentry"],"_links":{"self":[{"href":"https:\/\/deniss.de\/index.php?rest_route=\/wp\/v2\/pages\/53","targetHints":{"allow":["GET"]}}],"collection":[{"href":"https:\/\/deniss.de\/index.php?rest_route=\/wp\/v2\/pages"}],"about":[{"href":"https:\/\/deniss.de\/index.php?rest_route=\/wp\/v2\/types\/page"}],"author":[{"embeddable":true,"href":"https:\/\/deniss.de\/index.php?rest_route=\/wp\/v2\/users\/4"}],"replies":[{"embeddable":true,"href":"https:\/\/deniss.de\/index.php?rest_route=%2Fwp%2Fv2%2Fcomments&post=53"}],"version-history":[{"count":29,"href":"https:\/\/deniss.de\/index.php?rest_route=\/wp\/v2\/pages\/53\/revisions"}],"predecessor-version":[{"id":827,"href":"https:\/\/deniss.de\/index.php?rest_route=\/wp\/v2\/pages\/53\/revisions\/827"}],"up":[{"embeddable":true,"href":"https:\/\/deniss.de\/index.php?rest_route=\/wp\/v2\/pages\/83"}],"wp:attachment":[{"href":"https:\/\/deniss.de\/index.php?rest_route=%2Fwp%2Fv2%2Fmedia&parent=53"}],"curies":[{"name":"wp","href":"https:\/\/api.w.org\/{rel}","templated":true}]}}