{"id":55,"date":"2016-02-16T16:20:39","date_gmt":"2016-02-16T15:20:39","guid":{"rendered":"http:\/\/erich-grosse.de\/?page_id=55"},"modified":"2026-03-25T11:57:31","modified_gmt":"2026-03-25T10:57:31","slug":"magdeburg","status":"publish","type":"page","link":"https:\/\/deniss.de\/?page_id=55","title":{"rendered":"Magdeburg"},"content":{"rendered":"<h1><a href=\"https:\/\/deniss.de\/wp-content\/uploads\/2026\/03\/MGDEBURG-Katalog_SoSe_2026_Stud50.pdf\"><strong>Katalog SoSe 2026<\/strong>\u00a0<\/a><\/h1>\n<p><iframe loading=\"lazy\" title=\"24.05.25: Studieren ab 50 Auftakt\" width=\"584\" height=\"329\" src=\"https:\/\/www.youtube.com\/embed\/mucYpR1o1jY?list=PLbfZ9Bp-fQrehEwAwngE2vZJ8mrJeb_Kw\" frameborder=\"0\" allow=\"accelerometer; autoplay; clipboard-write; encrypted-media; gyroscope; picture-in-picture; web-share\" referrerpolicy=\"strict-origin-when-cross-origin\" allowfullscreen><\/iframe><\/p>\n<p>&nbsp;<\/p>\n<p>Das Programm\u00a0<strong>\u201eStudieren ab 50\u201c<\/strong>\u00a0 ist fester Bestandteil des wissenschaftlichen Weiterbildungsangebotes der Otto-von-Guericke-Universit\u00e4t Magdeburg und leistet\u00a0 seit 1992mit ca. 200 Veranstaltungen im Semestereinen wichtigen Beitrag f\u00fcr Bildungsinteressierte der Region Magdeburg.Mit dem Weiterbildungsangebot\u00a0<strong>\u201eStudieren ab 50\u201c<\/strong>\u00a0wendet sich die Universit\u00e4t an B\u00fcrgerinnen und B\u00fcrger, die sich mit allgemeinen wissenschaftlichen Fragen besch\u00e4ftigen oder ihr Wissen in einzelnen Fachgebieten vertiefen wollen. Das Studium ist f\u00fcr alle Bildungsinteressierte offen, es gibt keine Zugangsvoraussetzungen.<\/p>\n<p>Zur Teilnahme am \u201eStudieren ab 50\u201c bedarf es zum Semesterbeginn einer Einschreibung als Gasth\u00f6rer. Die Grundgeb\u00fchr betr\u00e4gt 75 \u20ac und erm\u00f6glicht den Teilnehmerinnen und Teilnehmern, fast alle Veranstaltungstypen zu belegen (eine Ausnahme bilden Veranstaltungen im Bereich Sport, Sprachen und Neue Medien, die eine Zusatzgeb\u00fchr von 20 \u20ac pro Kurs erfordern). Die Gasth\u00f6rerschaft erlaubt es, alle ge\u00f6ffneten Lehrveranstaltungen der Fakult\u00e4ten und Institute zu besuchen. Im Rahmen der Gasth\u00f6rerschaft werden keine Pr\u00fcfungen abgelegt. Die Seniorenstudierenden k\u00f6nnen Lehrangebote fast aller Fakult\u00e4ten besuchen, sich in Vorlesungen und Seminaren weiterbilden und sich mit aktuellen Forschungsergebnissen vertraut machen. Besonderen Zuspruch finden die Veranstaltungen aus den Bereichen Fremdsprachen, Geschichtswissenschaften, Philosophie, Medizin, K\u00fcnstliche Intelligenz, Kunstgeschichte, Psychologie und Sport. Spezielle Angebote mit Projektcharakter kommen von Wissenschaftlerinnen und Wissenschaftlern im Ruhestand und \u00e4lteren Studierenden.Zu nennen sind hier u.a. der Computerclub, die Schreibwerkstatt, der Fotokurs, der Adobe-Photoshopkurs, die Theatergruppe, praxisnahe Veranstaltungen zu Psychologie und Alter (mit Ged\u00e4chtnistraining) sowie Wandergruppen mit regionalgeschichtlichen, naturwissenschaftlichen und ingenieurswissenschaftlichen Themen. Einzelne dieser Gruppen organisieren Lesungen an der Universit\u00e4t und in der Stadt (etwa in Kooperation mit der Stadtbibliothek oder dem Literaturhaus), Ausstellungen (in Kooperation mit Kultvereinen, Museen, Kaffees) oder Auff\u00fchrungen (z.B. im Campus-Theater).<\/p>\n<p><iframe loading=\"lazy\" title=\"30.07.25: Studieren ab 50  - Schreibwerkstatt\" width=\"584\" height=\"329\" src=\"https:\/\/www.youtube.com\/embed\/nijztlR2mUs?start=2&#038;feature=oembed\" frameborder=\"0\" allow=\"accelerometer; autoplay; clipboard-write; encrypted-media; gyroscope; picture-in-picture; web-share\" referrerpolicy=\"strict-origin-when-cross-origin\" allowfullscreen><\/iframe><\/p>\n<p>Einen weiteren Schwerpunkt bilden Veranstaltungsformate, die gezielt \u00e4ltere und j\u00fcngere Studierende zusammenbringen, um einen Austausch zu erm\u00f6glichen. Diese Formate haben in den meisten F\u00e4llen ebenfalls einen Projektcharakter, um gemeinsame Aktivit\u00e4ten und die intergenerationelle Zusammenarbeit zu f\u00f6rdern.<\/p>\n<p><iframe loading=\"lazy\" title=\"27.06.25: Studieren ab 50, Exkursionen\" width=\"584\" height=\"329\" src=\"https:\/\/www.youtube.com\/embed\/svsR8jaw7jc?feature=oembed\" frameborder=\"0\" allow=\"accelerometer; autoplay; clipboard-write; encrypted-media; gyroscope; picture-in-picture; web-share\" referrerpolicy=\"strict-origin-when-cross-origin\" allowfullscreen><\/iframe><\/p>\n<p>Weg vom \u201eKonsumieren\u201c der Lehrangebote hin zur aktiven Mitgestaltung des Studiums: Dieser Anspruch hat sich in den letzten Jahren in der Projektarbeit gut entwickelt und wird auch \u00f6ffentlich gew\u00fcrdigt.<\/p>\n<p>Zur Zeit sind ca. 520 Studierende im \u201eStudium ab 50\u201c an der Otto-von-Guericke Universit\u00e4t in Magdeburg eingeschrieben. Eine Interessenvertretung wird alle zwei Jahre neu gew\u00e4hlt.<\/p>\n<p>Ansprechpartner: Dipl. Oec. Olaf Freymark<\/p>\n<p>Tel.:+49 391 67-56522\u00a0\u00a0\u00a0\u00a0\u00a0\u00a0\u00a0\u00a0\u00a0\u00a0\u00a0\u00a0\u00a0\u00a0\u00a0\u00a0\u00a0\u00a0\u00a0\u00a0\u00a0\u00a0\u00a0\u00a0\u00a0\u00a0\u00a0\u00a0\u00a0 E-Mail: <a href=\"mailto:olaf.freymark@ovgu.de\">olaf.freymark@ovgu.de<\/a><\/p>\n<p>Dr. Cornelia Weikert\u00a0\u00a0\u00a0\u00a0\u00a0\u00a0\u00a0\u00a0\u00a0\u00a0\u00a0\u00a0\u00a0\u00a0\u00a0\u00a0\u00a0\u00a0\u00a0\u00a0\u00a0\u00a0\u00a0\u00a0\u00a0\u00a0\u00a0\u00a0\u00a0\u00a0\u00a0\u00a0 E-Mail: cornelia.weikert@ovgu.de<\/p>\n<p>Website des Studieren ab 50: <a href=\"http:\/\/www.ovgu.de\/studierenab50\">www.ovgu.de\/studierenab50<\/a><\/p>\n","protected":false},"excerpt":{"rendered":"<p>Katalog SoSe 2026\u00a0 &nbsp; Das Programm\u00a0\u201eStudieren ab 50\u201c\u00a0 ist fester Bestandteil des wissenschaftlichen Weiterbildungsangebotes der Otto-von-Guericke-Universit\u00e4t Magdeburg und leistet\u00a0 seit 1992mit ca. 200 Veranstaltungen im Semestereinen wichtigen Beitrag f\u00fcr Bildungsinteressierte der Region Magdeburg.Mit dem Weiterbildungsangebot\u00a0\u201eStudieren ab 50\u201c\u00a0wendet sich die Universit\u00e4t &hellip; <a href=\"https:\/\/deniss.de\/?page_id=55\">Weiterlesen <span class=\"meta-nav\">&rarr;<\/span><\/a><\/p>\n","protected":false},"author":4,"featured_media":0,"parent":83,"menu_order":0,"comment_status":"closed","ping_status":"closed","template":"","meta":{"footnotes":""},"class_list":["post-55","page","type-page","status-publish","hentry"],"_links":{"self":[{"href":"https:\/\/deniss.de\/index.php?rest_route=\/wp\/v2\/pages\/55","targetHints":{"allow":["GET"]}}],"collection":[{"href":"https:\/\/deniss.de\/index.php?rest_route=\/wp\/v2\/pages"}],"about":[{"href":"https:\/\/deniss.de\/index.php?rest_route=\/wp\/v2\/types\/page"}],"author":[{"embeddable":true,"href":"https:\/\/deniss.de\/index.php?rest_route=\/wp\/v2\/users\/4"}],"replies":[{"embeddable":true,"href":"https:\/\/deniss.de\/index.php?rest_route=%2Fwp%2Fv2%2Fcomments&post=55"}],"version-history":[{"count":23,"href":"https:\/\/deniss.de\/index.php?rest_route=\/wp\/v2\/pages\/55\/revisions"}],"predecessor-version":[{"id":895,"href":"https:\/\/deniss.de\/index.php?rest_route=\/wp\/v2\/pages\/55\/revisions\/895"}],"up":[{"embeddable":true,"href":"https:\/\/deniss.de\/index.php?rest_route=\/wp\/v2\/pages\/83"}],"wp:attachment":[{"href":"https:\/\/deniss.de\/index.php?rest_route=%2Fwp%2Fv2%2Fmedia&parent=55"}],"curies":[{"name":"wp","href":"https:\/\/api.w.org\/{rel}","templated":true}]}}