{"id":57,"date":"2016-02-16T16:21:19","date_gmt":"2016-02-16T15:21:19","guid":{"rendered":"http:\/\/erich-grosse.de\/?page_id=57"},"modified":"2025-08-29T11:08:25","modified_gmt":"2025-08-29T09:08:25","slug":"wuppertal","status":"publish","type":"page","link":"https:\/\/deniss.de\/?page_id=57","title":{"rendered":"Wuppertal"},"content":{"rendered":"<p style=\"text-align: center;\"><span style=\"color: #ff0000;\"><strong>Interview mit Dr. Bernhard Czeska (vf<\/strong><\/span><span style=\"color: #ff0000;\"><span style=\"caret-color: #ff0000;\"><b>sa)<\/b><\/span><\/span><\/p>\n<p style=\"text-align: center;\"><strong>Zu lesen in der E-Zeitschrift &#8222;ConTouren&#8220; Nr. 10, der E-Zeitschrift von und f\u00fcr Gasth\u00f6rerinnen und Gasth\u00f6rer er Universit\u00e4t zu K\u00f6ln.<\/strong><\/p>\n<div><\/div>\n<div><img loading=\"lazy\" decoding=\"async\" class=\"wp-image-682 aligncenter\" src=\"https:\/\/deniss.de\/wp-content\/uploads\/2024\/01\/Bildschirmfoto-2023-12-08-um-20.48.11-300x172.png\" alt=\"\" width=\"375\" height=\"221\" \/><\/div>\n<div style=\"text-align: center;\">\n<p><a href=\"https:\/\/deniss.de\/wp-content\/uploads\/2024\/01\/Interview-mit-Dr.-Bernhard-Czeska-ConTouren-1023.pdf\" target=\"_blank\" rel=\"noopener\">Interview mit Dr. Bernhard Czeska, ConTouren 10\/23<\/a><\/p>\n<p><strong>Hier k\u00f6nnen Sie die komplette Ausgabe der &#8222;ConTouren&#8220; \u00a0Nr. 10 lesen:<\/strong><\/p>\n<\/div>\n<div style=\"text-align: center;\">\n<p><a href=\"https:\/\/deniss.de\/wp-content\/uploads\/2024\/01\/ConTouren.10a.final_58385_.pdf\" target=\"_blank\" rel=\"noopener\">ConTouren Nr. 10<\/a><\/p>\n<\/div>\n<div style=\"text-align: center;\">\n<hr \/>\n<\/div>\n<p><img decoding=\"async\" class=\"thumbnail\" src=\"https:\/\/deniss.de\/wp-content\/uploads\/2020\/09\/Wuppertal-Luftbild.jpg\" alt=\"\" \/><\/p>\n<p><img loading=\"lazy\" decoding=\"async\" class=\"alignnone size-full wp-image-390\" src=\"https:\/\/deniss.de\/wp-content\/uploads\/2017\/12\/vfsa-neu.jpg\" alt=\"\" width=\"823\" height=\"193\" srcset=\"https:\/\/deniss.de\/wp-content\/uploads\/2017\/12\/vfsa-neu.jpg 823w, https:\/\/deniss.de\/wp-content\/uploads\/2017\/12\/vfsa-neu-300x70.jpg 300w, https:\/\/deniss.de\/wp-content\/uploads\/2017\/12\/vfsa-neu-768x180.jpg 768w, https:\/\/deniss.de\/wp-content\/uploads\/2017\/12\/vfsa-neu-500x117.jpg 500w\" sizes=\"auto, (max-width: 823px) 100vw, 823px\" \/><\/p>\n<h1><strong>Zweck\u00a0und\u00a0Ziele\u00a0des\u00a0Vereins<\/strong><strong>\u00a0<\/strong><\/h1>\n<p>Der Verein vertritt gegen\u00fcber\u00a0den universit\u00e4ren\u00a0 Einrichtungen und\u00a0 Personen\u00a0 die\u00a0 Interessen der TeilnehmerInnen des Studiums im Alter, insbesondere des\u00a0 Seniorenstudiums\u00a0 in\u00a0 den\u00a0 Fachbereichen\u00a0 Geistes-\u00a0 und\u00a0 Kulturwissenschaften\u00a0 sowie\u00a0 Human-\u00a0und\u00a0Sozialwissenschaften.<\/p>\n<p>Zweck des Vereins ist die F\u00f6rderung des Seniorenstudiums im Alter durch:<\/p>\n<ul>\n<li>Vertretung der Interessen der TeilnehmerInnen des Studiums f\u00fcr \u00c4ltere gegen\u00fcber der Bergischen Universit\u00e4t Wuppertal.<\/li>\n<li>F\u00f6rderung der Kommunikation \u00e4lterer StudentInnen untereinander. Intensivierung von Kontakten durch Schaffung eines kommunikativen Forums f\u00fcr \u00e4ltere Studierende. Erfahrungsaustausch mit den F\u00f6rdervereinen und Interessenvertretungen anderer Universit\u00e4ten.<\/li>\n<li>enge Zusammenarbeit\/Kooperation mit dem Zentrum f\u00fcr Weiterbildung und anderen<br \/>\nOrganisationen der Bergischen Universit\u00e4t Wuppertal<\/li>\n<li>Beratung und Unterst\u00fctzung rund um das Studium f\u00fcr \u00c4ltere sowie Durchf\u00fchrung von Forschungsvorhaben.<\/li>\n<li>der vfsa ist eine selbst organisierte Vertretung in Form einen Vereins zur Formulierung gemeinsamer Standpunkte \u2013 \u201eSprachrohr\u201c f\u00fcr die Belange des Studiums f\u00fcr \u00c4ltere an der Bergischen Universit\u00e4t Wuppertal<\/li>\n<\/ul>\n<div>Der Verein ist als gemeinn\u00fctzig anerkannt. Er wurde 1992 gegr\u00fcndet und hat aktuell 70 Mitglieder. Der Mitgliedsbeitrag betr\u00e4gt 15,00 \u20ac p.a.<\/div>\n<div><\/div>\n<div>\n<div><\/div>\n<h1><strong>Das Seniorenstudium an der Bergischen Universit\u00e4t Wuppertal<\/strong><\/h1>\n<div>\n<div>Das seit 1987 bestehende Wuppertaler Seniorenstudium hat gegen\u00fcber Gasth\u00f6rern ein eigenes Profil. Es ist ein sechssemestriges Studienangebot mit sozial- und geisteswissenschaftlichen F\u00e4chern als Schwerpunkte, ohne formale Zugangsberechtigung. Das Studium beginnt mit dem Wintersemester. Mit seiner strukturierten und leistungsorientierten Form gliedert sich das Seniorenstudium in den normalen Studienbetrieb ein. Zu Beginn des Studiums werden in einem zweisemestrigen, fach\u00fcbergreifenden Begleitseminar Kenntnisse des wissenschaftlichen Arbeitens vermittelt. Die Studienordnung sieht vor, dass entweder in einem gew\u00e4hlten Fach vier Leistungsscheine oder in zwei gew\u00e4hlten F\u00e4chern jeweils zwei Leistungsscheine erbracht werden m\u00fcssen. Nach erfolgreicher Abschlussarbeit erhalten die Studierenden ein Zertifikat. Die Abschlussarbeit bedarf der thematischen Absprache mit einer\/m Lehrenden und muss den Kriterien einer wissenschaftlichen Arbeit entsprechen.<br \/>\nBei der j\u00e4hrlich stattfindenden \u00f6ffentlichen Feier in der Stadthalle Wuppertal stellen die Absolventen ihre Arbeit vor und erhalten f\u00fcr den erfolgreichen Abschluss ihr Zertifikat.<\/div>\n<div><\/div>\n<div>Die Seniorstudierenden k\u00f6nnen im Begleitstudium weitere Veranstaltungen, die sie interessieren, besuchen. Es werden hierf\u00fcr Veranstaltungen aus Architektur und Ingenieurwissenschaften, Germanistik, Natur-\/Sprachwissenschaften und weitere F\u00e4cher angeboten.<\/div>\n<div>\n<p>Durchschnittlich ca. 100 Personen sind f\u00fcr das Seniorenstudium eingeschrieben. Die Semestergeb\u00fchr betr\u00e4gt 100 \u20ac. Koordiniert wird das Studium vom Zentrum f\u00fcr Weiterbildung (ZWB).<\/p>\n<\/div>\n<div><\/div>\n<h1><strong>Aktivit\u00e4ten des Vereins vfsa<\/strong><\/h1>\n<ul>\n<li>Information- und Beratungstag zu Beginn des Wintersemesters f\u00fcr die am Studium f\u00fcr \u00c4ltere Interessierte. Veranstalter ist das ZWB und der vfsa.<\/li>\n<li>Begr\u00fc\u00dfungsempfang f\u00fcr die Neueinsteiger in das Studium f\u00fcr \u00c4ltere zu Beginn des Winter Semesters.<\/li>\n<li>Studienerg\u00e4nzende Angebote wie z.B. Vortragsveranstaltungen, Exkursionen in der Stadt und der Region, kulturelle Veranstaltungen.<\/li>\n<li>Die Vereins Homepage des vfsa als virtuelle Plattform; mit Beitr\u00e4gen, Aktivit\u00e4ten und Meinungen der Seniostudierenden.<\/li>\n<li>Regelm\u00e4\u00dfige Veranstaltungen des \u201ePhilosophischen Zirkels\u201c \u2013 initiiert vom vfsa<\/li>\n<\/ul>\n<div><\/div>\n<h1><strong>Verbindungen zum vfsa<\/strong><\/h1>\n<div><\/div>\n<div>Vertreter des vfsa im Netzwerk DENISS e.V. : Bernhard Czeska<\/div>\n<div>b.czeska@t-online.de<\/div>\n<div><\/div>\n<div>Website des vfsa: <a href=\"http:\/\/www.vfsa-seniorenstudium.de\/\">www.vfsa-seniorenstudium.de<\/a><a href=\"http:\/\/www.vfsa-seniorenstudium.de\/\"><br \/>\n<\/a><\/div>\n<div>Postanschrift:<br \/>\nVerein zur F\u00f6rderung des Studiums im Alter an der<br \/>\nBergischen Universit\u00e4t Wuppertal e.V.<\/div>\n<div style=\"text-align: left;\">c\/o Christine Schrettenbrunner, ZWB<br \/>\nGau\u00dfstra\u00dfe 20<br \/>\n42119 Wuppertal<\/div>\n<div style=\"text-align: left;\">Stand: August 2025<\/div>\n<hr \/>\n<\/div>\n<\/div>\n<div style=\"text-align: center;\"><strong>\u00a0<\/strong><\/div>\n","protected":false},"excerpt":{"rendered":"<p>Interview mit Dr. Bernhard Czeska (vfsa) Zu lesen in der E-Zeitschrift &#8222;ConTouren&#8220; Nr. 10, der E-Zeitschrift von und f\u00fcr Gasth\u00f6rerinnen und Gasth\u00f6rer er Universit\u00e4t zu K\u00f6ln. Interview mit Dr. Bernhard Czeska, ConTouren 10\/23 Hier k\u00f6nnen Sie die komplette Ausgabe der &hellip; <a href=\"https:\/\/deniss.de\/?page_id=57\">Weiterlesen <span class=\"meta-nav\">&rarr;<\/span><\/a><\/p>\n","protected":false},"author":4,"featured_media":0,"parent":83,"menu_order":0,"comment_status":"closed","ping_status":"closed","template":"","meta":{"footnotes":""},"class_list":["post-57","page","type-page","status-publish","hentry"],"_links":{"self":[{"href":"https:\/\/deniss.de\/index.php?rest_route=\/wp\/v2\/pages\/57","targetHints":{"allow":["GET"]}}],"collection":[{"href":"https:\/\/deniss.de\/index.php?rest_route=\/wp\/v2\/pages"}],"about":[{"href":"https:\/\/deniss.de\/index.php?rest_route=\/wp\/v2\/types\/page"}],"author":[{"embeddable":true,"href":"https:\/\/deniss.de\/index.php?rest_route=\/wp\/v2\/users\/4"}],"replies":[{"embeddable":true,"href":"https:\/\/deniss.de\/index.php?rest_route=%2Fwp%2Fv2%2Fcomments&post=57"}],"version-history":[{"count":77,"href":"https:\/\/deniss.de\/index.php?rest_route=\/wp\/v2\/pages\/57\/revisions"}],"predecessor-version":[{"id":847,"href":"https:\/\/deniss.de\/index.php?rest_route=\/wp\/v2\/pages\/57\/revisions\/847"}],"up":[{"embeddable":true,"href":"https:\/\/deniss.de\/index.php?rest_route=\/wp\/v2\/pages\/83"}],"wp:attachment":[{"href":"https:\/\/deniss.de\/index.php?rest_route=%2Fwp%2Fv2%2Fmedia&parent=57"}],"curies":[{"name":"wp","href":"https:\/\/api.w.org\/{rel}","templated":true}]}}