{"id":90,"date":"2016-02-23T17:29:21","date_gmt":"2016-02-23T16:29:21","guid":{"rendered":"http:\/\/erich-grosse.de\/?page_id=90"},"modified":"2026-03-01T17:52:29","modified_gmt":"2026-03-01T16:52:29","slug":"aktuelles","status":"publish","type":"page","link":"https:\/\/deniss.de\/?page_id=90","title":{"rendered":"Aktuelles"},"content":{"rendered":"<h1><span style=\"color: #000000;\">2026<\/span><\/h1>\n<h1><span style=\"color: #ff0000;\">18.\/19. M\u00e4rz: Mitgliederversammlung in Hamburg<\/span><\/h1>\n<hr \/>\n<h1>2025<\/h1>\n<h1><span style=\"color: #ff0000;\">DENISS Mitgliederversammlung 13.\/14. M\u00e4rz 2025 an der Carl von Ossietzky Universit\u00e4t in Oldenburg<\/span><\/h1>\n<p>Wer mit Oldenburg den norddeutschen Charme verbindet, liegt richtig: die MV 2025 von Deniss war Gast bei der Uni Oldenburg, das Programm war perfekt vorbereitet und organisiert.<\/p>\n<p>Ver\u00e4nderungen im Vorstand:<\/p>\n<p>Zur zweiten Vorsitzenden wurde Angelika Christ vom fgs in K\u00f6ln gew\u00e4hlt. Der Vorsitzende dankt Helmut Weiss, der aus pers\u00f6nlichen Gr\u00fcnden ausscheidet, f\u00fcr sein langj\u00e4hriges Engagement f\u00fcr Deniss.<\/p>\n<p>Kernpunkt der diesj\u00e4hrigen Versammlung war neben den Formalit\u00e4ten die Diskussion \u00fcber vermehrte Kooperation und Austausch zwischen den Seniorenstudien an deutschen Universit\u00e4ten. Verschiedene Ans\u00e4tze wurden diskutiert, auch zur Gewinnung neuer Mitglieder.<\/p>\n<p>Schon bei der Pr\u00e4sentation der Teilnehmer zeigt sich, dass die Studieng\u00e4nge sehr unterschiedlich aufgebaut sind, von der fast v\u00f6lligen Freigabe aller Vorlesungen f\u00fcr Gasth\u00f6rer, beispielsweise an der Universit\u00e4t zu K\u00f6ln, bis hin zur beschr\u00e4nkten Teilnahmem\u00f6glichkeit, beispielsweise an der Universit\u00e4t in Hamburg. Derartige Vergleiche k\u00f6nnen gut herangezogen werden, um im Gespr\u00e4ch mit den Universit\u00e4tsleitungen Verbesserungen f\u00fcr die Studierenden zu erreichen.<\/p>\n<p>An vielen Universit\u00e4ten existieren \u00fcber die regul\u00e4ren Vorlesungen hinaus ma\u00dfgeschneiderte Veranstaltungen f\u00fcr Senioren, so z.B. Sprach-und Sportkurse an der Universit\u00e4t Magdeburg, Lesecaf\u00e9 in Hamburg, Vortragsreihen in K\u00f6ln, semestebegleitendes Kursprogramm in Oldenburg und vieles mehr. Die meisten Teilnehmer berichten \u00fcber steigende Studierendenzahlen nach Corona, das Interesse \u00c4lterer an attraktiven Angeboten ist wieder angestiegen. Nachgefragt sind immer wieder Ausfl\u00fcge und Exkursionen z.B. zu Museen oder st\u00e4dtebaulicher Besonderheiten wie der Siedlung Margarethenh\u00f6he durch die Uni Wuppertal. K\u00f6ln berichtet \u00fcber die erfolgreiche Gr\u00fcndung eines Chores.<\/p>\n<p>Leider gibt es auch einzelne Universit\u00e4ten, z.B. Trier, die \u00fcber r\u00fcckg\u00e4ngige Studierendenzahlen nach Corona berichten, auch mangels Interesses oder Engagements der Universit\u00e4tsleitungen.<\/p>\n<p>Die Mitglieder vereinbaren den kontinuierlichen Austausch und die F\u00f6rderung neuer Ans\u00e4tze an den Universit\u00e4ten.<\/p>\n<p>Kontakt<br \/>\nDeniss e.V. Angelika Christ<br \/>\nE-Mail:angelikamariachrist@gmail.com<\/p>\n<p>www.deniss.de<\/p>\n<hr \/>\n<p><strong>2024<\/strong><\/p>\n<h1><strong><span style=\"color: #ff0000;\"> Pressemitteilung!<\/span><\/strong><\/h1>\n<div class=\"page\" title=\"Page 1\">\n<div class=\"section\">\n<div class=\"layoutArea\">\n<div class=\"column\">\n<p>DENISS e.V. mahnt Verbesserungen fu\u0308r das lebenslange Lernen der a\u0308lteren Generation an<\/p>\n<p>Zu der Jahrestagung des Deutschen Netzwerkes der Seniorstudierenden und Gastho\u0308rern (DENISS e.V.) kamen Vertretungen von 9 deutschen Universita\u0308ten in Dortmund zusammen.<\/p>\n<p>Das Schwerpunktthema der Zusammenkunft lag in diesem Jahr auf den Bedingungen und Voraussetzungen fu\u0308r ein lebenslanges Lernen, insbesondere fu\u0308r die a\u0308ltere Generation.<\/p>\n<p>Bereits in ihrem Gru\u00dfwort unterstrich Professorin Monika Reichert, Leiterin des Weiterbildenden Studiums fu\u0308r Seniorinnen und Senioren an der TU Dortmund die gesamtgesellschaftliche Bedeutung fu\u0308r das Lernen und die Bildung im Alter. \u201eEs ist unbestritten, das Lernen und Bildung zu einem zufriedenen Altern dazugeho\u0308rt\u201c.<\/p>\n<p>An gesellschaftlichen Entwicklungen aktiv teilzunehmen ermo\u0308glicht eigensta\u0308ndiges Denken und Handeln, ermo\u0308glicht soziale Teilhabe und wirkt positiv auf Vereinsamung und altersbedingte Krankheitserscheinungen.<\/p>\n<p>Unsere Gesellschaft kann es sich auch nicht leisten die Kenntnisse und Erfahrungen der a\u0308lteren Generation nicht zu nutzen. Der Wissensschatz der a\u0308lteren Generation bleibt erhalten und fu\u0308gt sich in das gesellschaftliche Umfeld ein.<\/p>\n<p>Daher ist die Politik gut beraten von der Vorstellung Abschied zu nehmen, dass Lernen nach Kindheit und Jugend mit dem Berufsleben endet. Die Lebensdauer nach Ausscheiden aus dem Berufsleben geht oftmals u\u0308ber Jahrzehnte und erfordert schon daher eine sta\u0308ndige Anpassung an die gesellschaftlichen Vera\u0308nderungen und die sich daraus ergebenden Herausforderungen.<\/p>\n<p>Viele Universita\u0308ten bieten der a\u0308lteren Generation die Mo\u0308glichkeit wieder durch ein Gastho\u0308rerstudium wissenschaftliche Lernen fortzufu\u0308hren. Sie leisten damit einen gro\u00dfen Beitrag zu dem Vorhergesagten.<\/p>\n<p>Das Deutsche Netzwerk der Senior-Studierenden verfolgt diese Entwicklung und bietet seinen Mitgliedern Austausch, Hilfe und Unterstu\u0308tzung bei allen Fragen der<\/p>\n<\/div>\n<\/div>\n<\/div>\n<\/div>\n<div class=\"page\" title=\"Page 2\">\n<div class=\"section\">\n<div class=\"layoutArea\">\n<div class=\"column\">\n<p>Kooperation mit den entsprechenden Stellen der Universita\u0308ten an.<\/p>\n<p>Leider sind die zur Verfu\u0308gung gestellten Leistungen und finanziellen Voraussetzungen der Universita\u0308ten in den einzelnen Bundesla\u0308ndern, bedingt durch das fo\u0308derale Prinzip, sehr unterschiedlich ausgepra\u0308gt.<\/p>\n<p>Daher fordert DENISS fu\u0308r alle Senioren im Bundesgebiet einen niederschwelligen Zugang zur universita\u0308ren Weiterbildung, O\u0308ffnung mo\u0308glichst vieler Veranstaltungen, Angebote zu digitaler Kompetenz und bezahlbaren Studienbedingungen. Ebenso muss das Angebot dahingehend erweitert werden, dass die jetzt in den Ruhestand gehenden \u201eBabyboomer\u201c ausreichend beru\u0308cksichtigt werden.<\/p>\n<\/div>\n<\/div>\n<\/div>\n<\/div>\n<p><strong>M\u00e4rz 2024<\/strong><\/p>\n<hr \/>\n<p><strong><span style=\"color: #ff0000;\">Interview!<\/span><\/strong><\/p>\n<p>Die<strong>\u00a0E-ZeitschriftnConTouren&#8220;<\/strong> der Universit\u00e4t zu K\u00f6ln hat ein<strong> Interview gef\u00fchrt mit Dr. Karl-Heinz H\u00f6fken, Kontaktstudium, Universit\u00e4t Hamburg.\u00a0<\/strong><\/p>\n<p>Link: <a href=\"https:\/\/deniss.de\/?page_id=44\">Mitglieder\/Hamburg<\/a><\/p>\n<h3>Januar 2024<\/h3>\n<h1><strong><span style=\"color: #ff0000;\"><span style=\"caret-color: #ff0000;\">Interviews<\/span><\/span><br \/>\n<\/strong><br \/>\n<strong>Zeitschrift &#8222;ConTouren&#8220; der Universit\u00e4t zu K\u00f6ln hat\u00a0<\/strong>mit unseren Mitgliedern aus<strong> K\u00f6ln und Wuppertal <\/strong><strong>Interviews<\/strong> gef\u00fchrt\u00a0<strong>.<\/strong><\/h1>\n<p>In<strong> K\u00f6ln<\/strong> wurde Helmut Wei\u00df &#8222;fgs (F\u00f6rderverein f\u00fcr das Gast- und Seniorenstudium an der Universit\u00e4t zu K\u00f6ln) zu seinen Eindr\u00fccken als Gasth\u00f6rer befragt: <a href=\"https:\/\/deniss.de\/?page_id=53\">https:\/\/Mitglieder\/K\u00f6ln<\/a><\/p>\n<p>In <strong>Wuppertal<\/strong> gab Dr. Bernhard Czeska vom Verein &#8222;vfsa&#8220; \u00a0(Verein zur F\u00f6rderung des Studiums im Alter an der Bergischen Universit\u00e4t Wuppertal e.V.) Auskunft: <a href=\"https:\/\/deniss.de\/?page_id=57\">https:\/\/Mitglieder\/Wuppertal<\/a><\/p>\n<p>&nbsp;<\/p>\n<p><strong>2023<\/strong><\/p>\n<p><strong><a href=\"https:\/\/uol.de\/gasthoerstudium\/40-jahre\"><span style=\"color: #ff0000;\">Universit\u00e4t Oldenburg: 40 Jahre Gasth\u00f6rerstudium: LInk<\/span><\/a><\/strong><\/p>\n<p>&nbsp;<\/p>\n<div>\n<hr \/>\n<\/div>\n","protected":false},"excerpt":{"rendered":"<p>2026 18.\/19. M\u00e4rz: Mitgliederversammlung in Hamburg 2025 DENISS Mitgliederversammlung 13.\/14. M\u00e4rz 2025 an der Carl von Ossietzky Universit\u00e4t in Oldenburg Wer mit Oldenburg den norddeutschen Charme verbindet, liegt richtig: die MV 2025 von Deniss war Gast bei der Uni Oldenburg, &hellip; <a href=\"https:\/\/deniss.de\/?page_id=90\">Weiterlesen <span class=\"meta-nav\">&rarr;<\/span><\/a><\/p>\n","protected":false},"author":4,"featured_media":0,"parent":0,"menu_order":0,"comment_status":"closed","ping_status":"closed","template":"","meta":{"footnotes":""},"class_list":["post-90","page","type-page","status-publish","hentry"],"_links":{"self":[{"href":"https:\/\/deniss.de\/index.php?rest_route=\/wp\/v2\/pages\/90","targetHints":{"allow":["GET"]}}],"collection":[{"href":"https:\/\/deniss.de\/index.php?rest_route=\/wp\/v2\/pages"}],"about":[{"href":"https:\/\/deniss.de\/index.php?rest_route=\/wp\/v2\/types\/page"}],"author":[{"embeddable":true,"href":"https:\/\/deniss.de\/index.php?rest_route=\/wp\/v2\/users\/4"}],"replies":[{"embeddable":true,"href":"https:\/\/deniss.de\/index.php?rest_route=%2Fwp%2Fv2%2Fcomments&post=90"}],"version-history":[{"count":122,"href":"https:\/\/deniss.de\/index.php?rest_route=\/wp\/v2\/pages\/90\/revisions"}],"predecessor-version":[{"id":774,"href":"https:\/\/deniss.de\/index.php?rest_route=\/wp\/v2\/pages\/90\/revisions\/774"}],"wp:attachment":[{"href":"https:\/\/deniss.de\/index.php?rest_route=%2Fwp%2Fv2%2Fmedia&parent=90"}],"curies":[{"name":"wp","href":"https:\/\/api.w.org\/{rel}","templated":true}]}}