{"id":96,"date":"2016-02-24T17:01:00","date_gmt":"2016-02-24T16:01:00","guid":{"rendered":"http:\/\/erich-grosse.de\/?page_id=96"},"modified":"2021-01-15T11:16:58","modified_gmt":"2021-01-15T10:16:58","slug":"verbindungen-links","status":"publish","type":"page","link":"https:\/\/deniss.de\/?page_id=96","title":{"rendered":"Verbindungen \/ Links"},"content":{"rendered":"<p><strong>Zentrale Organisationen in Deutschland<\/strong><br \/>\nBundesarbeitsgemeinschaft Wissenschaftliche Weiterbildung f\u00fcr \u00c4ltere (<strong>BAGWiWA<\/strong>) zusammengeschlossenen Organisatoren des Seniorenstudiums an den Universit\u00e4ten<br \/>\n<a href=\"http:\/\/www.dgwf.net\/bagwiwa\">www.dgwf.net\/bagwiwa<\/a><\/p>\n<p>BAGSO-Bundesarbeitsgemeinschaft der Seniorenorganisationen e.V.<br \/>\n<a href=\"http:\/\/www.bagso.de\">www.bagso.de<\/a><\/p>\n<p><strong>Internationale Verbindungen<\/strong><br \/>\nEurop\u00e4ischen Vereinigung \u00c4lterer Studierender an den Universit\u00e4ten (<strong>EFOS<\/strong>)<br \/>\n<a href=\"http:\/\/www.efos-europa.eu\">www.efos-europa.eu<\/a><\/p>\n<p>Internationalen Vereinigung der Senioren Universitat\u00ebn (<strong>AIUTA<\/strong>)\u200f<br \/>\n<a href=\"http:\/\/www.aiuta.org\">www.aiuta.org<\/a><\/p>\n","protected":false},"excerpt":{"rendered":"<p>Zentrale Organisationen in Deutschland Bundesarbeitsgemeinschaft Wissenschaftliche Weiterbildung f\u00fcr \u00c4ltere (BAGWiWA) zusammengeschlossenen Organisatoren des Seniorenstudiums an den Universit\u00e4ten www.dgwf.net\/bagwiwa BAGSO-Bundesarbeitsgemeinschaft der Seniorenorganisationen e.V. www.bagso.de Internationale Verbindungen Europ\u00e4ischen Vereinigung \u00c4lterer Studierender an den Universit\u00e4ten (EFOS) www.efos-europa.eu Internationalen Vereinigung der Senioren Universitat\u00ebn (AIUTA)\u200f &hellip; <a href=\"https:\/\/deniss.de\/?page_id=96\">Weiterlesen <span class=\"meta-nav\">&rarr;<\/span><\/a><\/p>\n","protected":false},"author":4,"featured_media":0,"parent":0,"menu_order":0,"comment_status":"closed","ping_status":"closed","template":"","meta":{"footnotes":""},"class_list":["post-96","page","type-page","status-publish","hentry"],"_links":{"self":[{"href":"https:\/\/deniss.de\/index.php?rest_route=\/wp\/v2\/pages\/96","targetHints":{"allow":["GET"]}}],"collection":[{"href":"https:\/\/deniss.de\/index.php?rest_route=\/wp\/v2\/pages"}],"about":[{"href":"https:\/\/deniss.de\/index.php?rest_route=\/wp\/v2\/types\/page"}],"author":[{"embeddable":true,"href":"https:\/\/deniss.de\/index.php?rest_route=\/wp\/v2\/users\/4"}],"replies":[{"embeddable":true,"href":"https:\/\/deniss.de\/index.php?rest_route=%2Fwp%2Fv2%2Fcomments&post=96"}],"version-history":[{"count":5,"href":"https:\/\/deniss.de\/index.php?rest_route=\/wp\/v2\/pages\/96\/revisions"}],"predecessor-version":[{"id":574,"href":"https:\/\/deniss.de\/index.php?rest_route=\/wp\/v2\/pages\/96\/revisions\/574"}],"wp:attachment":[{"href":"https:\/\/deniss.de\/index.php?rest_route=%2Fwp%2Fv2%2Fmedia&parent=96"}],"curies":[{"name":"wp","href":"https:\/\/api.w.org\/{rel}","templated":true}]}}